{"id":1913,"date":"2025-03-28T21:50:26","date_gmt":"2025-03-28T21:50:26","guid":{"rendered":"https:\/\/tienda.farmaciarboyra.com\/?post_type=product&#038;p=1913"},"modified":"2025-03-28T21:50:26","modified_gmt":"2025-03-28T21:50:26","slug":"fusion-water-magic-spf50-50ml","status":"publish","type":"product","link":"https:\/\/tienda.farmaciarboyra.com\/eu\/produktua\/fusion-water-magic-spf50-50ml\/","title":{"rendered":"FUSI\u00d3N WATER MAGIC SPF50 50ml"},"content":{"rendered":"<p class=\"sc-bjUoiL iaYJjZ\" data-testid=\"paragraphElement\">Protege tu piel con Fusion Water MAGIC SPF 50, el protector solar facial de uso diario con tecnolog\u00eda Water Drop Tech para una textura ultraligera y fresca de \u00f3ptima absorci\u00f3n. Con protecci\u00f3n Full Spectrum, protege frente a la radiaci\u00f3n UVB\/UVA, luz azul, IR-A y la poluci\u00f3n. \u00a1El n\u00famero 1 recomendado por dermat\u00f3logos\u00b9!<\/p>\n<div class=\"sc-bZkfAO cGUzTn\" aria-hidden=\"true\" data-horizontal=\"false\" data-responsive=\"true\" data-testid=\"spacerElement\"><\/div>\n<div data-testid=\"test-attributes-list\">\n<ul class=\"sc-bjjCGC laahax\" data-testid=\"resourceListElement\">\n<li>\n<div class=\"sc-gFCZzz rrDIa\" role=\"\" data-testid=\"resourceListItemElement\">\n<div class=\"sc-iBkjds lkebeH sc-fVLGaz kiGkrD\" data-testid=\"flexElement\">\n<p>50 ml<\/p>\n<\/div>\n<\/div>\n<\/li>\n<li>\n<div class=\"sc-gFCZzz rrDIa\" role=\"\" data-testid=\"resourceListItemElement\">\n<div class=\"sc-iBkjds lkebeH sc-fVLGaz kiGkrD\" data-testid=\"flexElement\">\n<p>Todo tipo de piel, incluso piel sensible y piel at\u00f3pica.<\/p>\n<\/div>\n<\/div>\n<\/li>\n<li>\n<div class=\"sc-gFCZzz rrDIa\" role=\"\" data-testid=\"resourceListItemElement\">\n<div class=\"sc-iBkjds lkebeH sc-fVLGaz kiGkrD\" data-testid=\"flexElement\">\n<p>SPF 50<\/p>\n<\/div>\n<\/div>\n<\/li>\n<li>\n<div class=\"sc-gFCZzz rrDIa\" role=\"\" data-testid=\"resourceListItemElement\">\n<div class=\"sc-iBkjds lkebeH sc-fVLGaz kiGkrD\" data-testid=\"flexElement\">\n<p>Absorci\u00f3n inmediata, no comedog\u00e9nico, mineral oil free, oil control: no deja residuo graso; no irrita los ojos: evaluado bajo control oftalmol\u00f3gico.<\/p>\n<\/div>\n<\/div>\n<\/li>\n<li>\n<div class=\"sc-gFCZzz rrDIa\" role=\"\" data-testid=\"resourceListItemElement\">\n<div class=\"sc-iBkjds lkebeH sc-fVLGaz kiGkrD\" data-testid=\"flexElement\">\n<p>Protecci\u00f3n solar facial.<\/p>\n<div class=\"sc-iBkjds bWsa-dP sc-jtJlRs Taznn\" data-testid=\"flexElement\">\n<p class=\"sc-bjUoiL cuUapJ sc-gCLdxd jesfQc\" data-testid=\"paragraphElement\"><strong>Ingredientes<\/strong><\/p>\n<p class=\"sc-bjUoiL cuUapJ sc-gCLdxd jesfQc\" data-testid=\"paragraphElement\">Alga Extract, \u00e1cido hialur\u00f3nico y vitamina E.<\/p>\n<div>\n<p class=\"sc-bjUoiL bsahFE\" data-testid=\"paragraphElement\">Sistema de filtros: Gracias a su avanzado complejo de filtros qu\u00edmicos, f\u00edsicos y biol\u00f3gicos, aporta una alta protecci\u00f3n SPF 50 Full Spectrum frente a la radiaci\u00f3n UVB\/UVA, luz azul, IR-A y la poluci\u00f3n.<\/p>\n<div class=\"sc-bZkfAO cGUzTn\" aria-hidden=\"true\" data-horizontal=\"false\" data-responsive=\"true\" data-testid=\"spacerElement\"><\/div>\n<\/div>\n<div>\n<p class=\"sc-bjUoiL bsahFE\" data-testid=\"paragraphElement\">Mediterranean Alga Extract: Ingrediente de origen marino rico en compuestos antioxidantes. Ayuda a mantener la estructura celular de la piel y a estimular sus defensas naturales.<\/p>\n<div class=\"sc-bZkfAO cGUzTn\" aria-hidden=\"true\" data-horizontal=\"false\" data-responsive=\"true\" data-testid=\"spacerElement\"><\/div>\n<\/div>\n<div>\n<p class=\"sc-bjUoiL bsahFE\" data-testid=\"paragraphElement\">Vitamina E: Proporciona acci\u00f3n antioxidante, ayudando a prevenir el da\u00f1o que los radicales libres ocasionan en la piel.<\/p>\n<div class=\"sc-bZkfAO cGUzTn\" aria-hidden=\"true\" data-horizontal=\"false\" data-responsive=\"true\" data-testid=\"spacerElement\"><\/div>\n<\/div>\n<div>\n<p class=\"sc-bjUoiL bsahFE\" data-testid=\"paragraphElement\">\u00c1cido hialur\u00f3nico: Hidrata la piel, contribuyendo a reducir los signos visibles del envejecimiento.<\/p>\n<\/div>\n<h4 data-testid=\"titleElement\"><\/h4>\n<h4 class=\"sc-bjUoiL cqSVnf\" data-testid=\"titleElement\">Full Spectrum<\/h4>\n<p class=\"sc-bjUoiL fLLdsp\" data-testid=\"paragraphElement\">Alta protecci\u00f3n SPF 50 Full Spectrum frente a la radiaci\u00f3n UVB,\/UVA, luz azul, IR-A y la poluci\u00f3n.<\/p>\n<h4 class=\"sc-bjUoiL cqSVnf\" data-testid=\"titleElement\">Textura ultraligera<\/h4>\n<p class=\"sc-bjUoiL fLLdsp\" data-testid=\"paragraphElement\">Con Water Drop Tech, incrementa la fluidez durante la aplicaci\u00f3n para una absorci\u00f3n inmediata y una protecci\u00f3n fresca y uniforme.<\/p>\n<p data-testid=\"paragraphElement\">Fusion Water MAGIC SPF 50 est\u00e1 formulado con tecnolog\u00eda Water Drop Tech, que aporta una sensaci\u00f3n de ligereza y fluidez en la piel similar a la del agua. Durante la aplicaci\u00f3n, la fricci\u00f3n disminuye la viscosidad del fotoprotector para hacerlo m\u00e1s fluido y f\u00e1cil de extender. Una vez aplicado, recupera su densidad original, adapt\u00e1ndose de manera uniforme a la piel para una protecci\u00f3n homog\u00e9nea y un acabado sedoso.<\/p>\n<h4 class=\"sc-bjUoiL cqSVnf\" data-testid=\"titleElement\">No irrita los ojos<\/h4>\n<p class=\"sc-bjUoiL fLLdsp\" data-testid=\"paragraphElement\">No provoca irritaci\u00f3n en los ojos gracias a su tecnolog\u00eda Safe Eye Tech.<\/p>\n<h4 class=\"sc-bjUoiL cqSVnf\" data-testid=\"titleElement\">Oil Control<\/h4>\n<p class=\"sc-bjUoiL fLLdsp\" data-testid=\"paragraphElement\">Es ideal para la piel grasa: matifica la piel, no deja residuo graso y es mineral oil free.<\/p>\n<h4 class=\"sc-bjUoiL cqSVnf\" data-testid=\"titleElement\">Hidrata intensamente<\/h4>\n<p class=\"sc-bjUoiL fLLdsp\" data-testid=\"paragraphElement\">Aporta hasta 12 horas de hidrataci\u00f3n intensa gracias al \u00e1cido hialur\u00f3nico, y acci\u00f3n antioxidante gracias al Mediterranean Alga Extract y a la vitamina E.<\/p>\n<p data-testid=\"paragraphElement\">\n<h3 class=\"sc-bjUoiL jPYYeM\" data-testid=\"titleElement\"><\/h3>\n<\/div>\n<\/div>\n<\/div>\n<\/li>\n<\/ul>\n<\/div>","protected":false},"excerpt":{"rendered":"<p>Protege tu piel con Fusion Water MAGIC SPF 50, el protector solar facial de uso diario con tecnolog\u00eda Water Drop Tech para una textura ultraligera y fresca de \u00f3ptima absorci\u00f3n. Con protecci\u00f3n Full Spectrum, protege frente a la radiaci\u00f3n UVB\/UVA, luz azul, IR-A y la poluci\u00f3n. \u00a1El n\u00famero 1 recomendado por dermat\u00f3logos\u00b9! 50 ml Todo [&hellip;]<\/p>\n","protected":false},"featured_media":1914,"comment_status":"open","ping_status":"closed","template":"","meta":[],"product_brand":[],"product_cat":[22,81],"product_tag":[],"class_list":{"0":"post-1913","1":"product","2":"type-product","3":"status-publish","4":"has-post-thumbnail","6":"product_cat-dermocosmetica","7":"product_cat-isdin-love-your-skin","9":"first","10":"instock","11":"taxable","12":"shipping-taxable","13":"purchasable","14":"product-type-simple"},"yoast_head":"<!-- This site is optimized with the Yoast SEO plugin v27.3 - https:\/\/yoast.com\/product\/yoast-seo-wordpress\/ -->\n<title>FUSI\u00d3N WATER MAGIC SPF50 50ml - Farmacia R. Boyra<\/title>\n<meta name=\"description\" content=\"Protege tu piel con Fusion Water MAGIC, el protector solar facial de uso diario con una textura ultraligera y fresca de \u00f3ptima absorci\u00f3n.\" \/>\n<meta name=\"robots\" content=\"index, follow, max-snippet:-1, max-image-preview:large, max-video-preview:-1\" \/>\n<link rel=\"canonical\" href=\"https:\/\/tienda.farmaciarboyra.com\/eu\/produktua\/fusion-water-magic-spf50-50ml\/\" \/>\n<meta property=\"og:locale\" content=\"en_US\" \/>\n<meta property=\"og:type\" content=\"article\" \/>\n<meta property=\"og:title\" content=\"FUSI\u00d3N WATER MAGIC SPF50 50ml - Farmacia R. Boyra\" \/>\n<meta property=\"og:description\" content=\"Protege tu piel con Fusion Water MAGIC, el protector solar facial de uso diario con una textura ultraligera y fresca de \u00f3ptima absorci\u00f3n.\" \/>\n<meta property=\"og:url\" content=\"https:\/\/tienda.farmaciarboyra.com\/eu\/produktua\/fusion-water-magic-spf50-50ml\/\" \/>\n<meta property=\"og:site_name\" content=\"Farmacia R. Boyra\" \/>\n<meta property=\"og:image\" content=\"https:\/\/tienda.farmaciarboyra.com\/wp-content\/uploads\/2025\/03\/IMG_0063.jpeg\" \/>\n\t<meta property=\"og:image:width\" content=\"797\" \/>\n\t<meta property=\"og:image:height\" content=\"996\" \/>\n\t<meta property=\"og:image:type\" content=\"image\/jpeg\" \/>\n<meta name=\"twitter:card\" content=\"summary_large_image\" \/>\n<meta name=\"twitter:label1\" content=\"Est. reading time\" \/>\n\t<meta name=\"twitter:data1\" content=\"2 minutua\" \/>\n<script type=\"application\/ld+json\" class=\"yoast-schema-graph\">{\"@context\":\"https:\\\/\\\/schema.org\",\"@graph\":[{\"@type\":\"WebPage\",\"@id\":\"https:\\\/\\\/tienda.farmaciarboyra.com\\\/producto\\\/fusion-water-magic-spf50-50ml\\\/\",\"url\":\"https:\\\/\\\/tienda.farmaciarboyra.com\\\/producto\\\/fusion-water-magic-spf50-50ml\\\/\",\"name\":\"FUSI\u00d3N WATER MAGIC SPF50 50ml - Farmacia R. Boyra\",\"isPartOf\":{\"@id\":\"https:\\\/\\\/tienda.farmaciarboyra.com\\\/#website\"},\"primaryImageOfPage\":{\"@id\":\"https:\\\/\\\/tienda.farmaciarboyra.com\\\/producto\\\/fusion-water-magic-spf50-50ml\\\/#primaryimage\"},\"image\":{\"@id\":\"https:\\\/\\\/tienda.farmaciarboyra.com\\\/producto\\\/fusion-water-magic-spf50-50ml\\\/#primaryimage\"},\"thumbnailUrl\":\"https:\\\/\\\/tienda.farmaciarboyra.com\\\/wp-content\\\/uploads\\\/2025\\\/03\\\/IMG_0063.jpeg\",\"datePublished\":\"2025-03-28T21:50:26+00:00\",\"description\":\"Protege tu piel con Fusion Water MAGIC, el protector solar facial de uso diario con una textura ultraligera y fresca de \u00f3ptima absorci\u00f3n.\",\"breadcrumb\":{\"@id\":\"https:\\\/\\\/tienda.farmaciarboyra.com\\\/producto\\\/fusion-water-magic-spf50-50ml\\\/#breadcrumb\"},\"inLanguage\":\"eu\",\"potentialAction\":[{\"@type\":\"ReadAction\",\"target\":[\"https:\\\/\\\/tienda.farmaciarboyra.com\\\/producto\\\/fusion-water-magic-spf50-50ml\\\/\"]}]},{\"@type\":\"ImageObject\",\"inLanguage\":\"eu\",\"@id\":\"https:\\\/\\\/tienda.farmaciarboyra.com\\\/producto\\\/fusion-water-magic-spf50-50ml\\\/#primaryimage\",\"url\":\"https:\\\/\\\/tienda.farmaciarboyra.com\\\/wp-content\\\/uploads\\\/2025\\\/03\\\/IMG_0063.jpeg\",\"contentUrl\":\"https:\\\/\\\/tienda.farmaciarboyra.com\\\/wp-content\\\/uploads\\\/2025\\\/03\\\/IMG_0063.jpeg\",\"width\":797,\"height\":996,\"caption\":\"Fusion Water Magic SPF50\"},{\"@type\":\"BreadcrumbList\",\"@id\":\"https:\\\/\\\/tienda.farmaciarboyra.com\\\/producto\\\/fusion-water-magic-spf50-50ml\\\/#breadcrumb\",\"itemListElement\":[{\"@type\":\"ListItem\",\"position\":1,\"name\":\"Portada\",\"item\":\"https:\\\/\\\/tienda.farmaciarboyra.com\\\/\"},{\"@type\":\"ListItem\",\"position\":2,\"name\":\"Tienda\",\"item\":\"https:\\\/\\\/tienda.farmaciarboyra.com\\\/tienda\\\/\"},{\"@type\":\"ListItem\",\"position\":3,\"name\":\"FUSI\u00d3N WATER MAGIC SPF50 50ml\"}]},{\"@type\":\"WebSite\",\"@id\":\"https:\\\/\\\/tienda.farmaciarboyra.com\\\/#website\",\"url\":\"https:\\\/\\\/tienda.farmaciarboyra.com\\\/\",\"name\":\"Farmacia R. Boyra\",\"description\":\"Tienda on line de farmacia\",\"publisher\":{\"@id\":\"https:\\\/\\\/tienda.farmaciarboyra.com\\\/#organization\"},\"potentialAction\":[{\"@type\":\"SearchAction\",\"target\":{\"@type\":\"EntryPoint\",\"urlTemplate\":\"https:\\\/\\\/tienda.farmaciarboyra.com\\\/?s={search_term_string}\"},\"query-input\":{\"@type\":\"PropertyValueSpecification\",\"valueRequired\":true,\"valueName\":\"search_term_string\"}}],\"inLanguage\":\"eu\"},{\"@type\":\"Organization\",\"@id\":\"https:\\\/\\\/tienda.farmaciarboyra.com\\\/#organization\",\"name\":\"Farmacia R. Boyra\",\"url\":\"https:\\\/\\\/tienda.farmaciarboyra.com\\\/\",\"logo\":{\"@type\":\"ImageObject\",\"inLanguage\":\"eu\",\"@id\":\"https:\\\/\\\/tienda.farmaciarboyra.com\\\/#\\\/schema\\\/logo\\\/image\\\/\",\"url\":\"https:\\\/\\\/tienda.farmaciarboyra.com\\\/wp-content\\\/uploads\\\/2023\\\/10\\\/color-sin-fondo-Farmacia-R.-Boyra-e1703070787621.png\",\"contentUrl\":\"https:\\\/\\\/tienda.farmaciarboyra.com\\\/wp-content\\\/uploads\\\/2023\\\/10\\\/color-sin-fondo-Farmacia-R.-Boyra-e1703070787621.png\",\"width\":200,\"height\":200,\"caption\":\"Farmacia R. Boyra\"},\"image\":{\"@id\":\"https:\\\/\\\/tienda.farmaciarboyra.com\\\/#\\\/schema\\\/logo\\\/image\\\/\"}}]}<\/script>\n<!-- \/ Yoast SEO plugin. -->","yoast_head_json":{"title":"FUSI\u00d3N WATER MAGIC SPF50 50ml - Farmacia R. Boyra","description":"Protege tu piel con Fusion Water MAGIC, el protector solar facial de uso diario con una textura ultraligera y fresca de \u00f3ptima absorci\u00f3n.","robots":{"index":"index","follow":"follow","max-snippet":"max-snippet:-1","max-image-preview":"max-image-preview:large","max-video-preview":"max-video-preview:-1"},"canonical":"https:\/\/tienda.farmaciarboyra.com\/eu\/produktua\/fusion-water-magic-spf50-50ml\/","og_locale":"en_US","og_type":"article","og_title":"FUSI\u00d3N WATER MAGIC SPF50 50ml - Farmacia R. Boyra","og_description":"Protege tu piel con Fusion Water MAGIC, el protector solar facial de uso diario con una textura ultraligera y fresca de \u00f3ptima absorci\u00f3n.","og_url":"https:\/\/tienda.farmaciarboyra.com\/eu\/produktua\/fusion-water-magic-spf50-50ml\/","og_site_name":"Farmacia R. Boyra","og_image":[{"width":797,"height":996,"url":"https:\/\/tienda.farmaciarboyra.com\/wp-content\/uploads\/2025\/03\/IMG_0063.jpeg","type":"image\/jpeg"}],"twitter_card":"summary_large_image","twitter_misc":{"Est. reading time":"2 minutua"},"schema":{"@context":"https:\/\/schema.org","@graph":[{"@type":"WebPage","@id":"https:\/\/tienda.farmaciarboyra.com\/producto\/fusion-water-magic-spf50-50ml\/","url":"https:\/\/tienda.farmaciarboyra.com\/producto\/fusion-water-magic-spf50-50ml\/","name":"FUSI\u00d3N WATER MAGIC SPF50 50ml - Farmacia R. Boyra","isPartOf":{"@id":"https:\/\/tienda.farmaciarboyra.com\/#website"},"primaryImageOfPage":{"@id":"https:\/\/tienda.farmaciarboyra.com\/producto\/fusion-water-magic-spf50-50ml\/#primaryimage"},"image":{"@id":"https:\/\/tienda.farmaciarboyra.com\/producto\/fusion-water-magic-spf50-50ml\/#primaryimage"},"thumbnailUrl":"https:\/\/tienda.farmaciarboyra.com\/wp-content\/uploads\/2025\/03\/IMG_0063.jpeg","datePublished":"2025-03-28T21:50:26+00:00","description":"Protege tu piel con Fusion Water MAGIC, el protector solar facial de uso diario con una textura ultraligera y fresca de \u00f3ptima absorci\u00f3n.","breadcrumb":{"@id":"https:\/\/tienda.farmaciarboyra.com\/producto\/fusion-water-magic-spf50-50ml\/#breadcrumb"},"inLanguage":"eu","potentialAction":[{"@type":"ReadAction","target":["https:\/\/tienda.farmaciarboyra.com\/producto\/fusion-water-magic-spf50-50ml\/"]}]},{"@type":"ImageObject","inLanguage":"eu","@id":"https:\/\/tienda.farmaciarboyra.com\/producto\/fusion-water-magic-spf50-50ml\/#primaryimage","url":"https:\/\/tienda.farmaciarboyra.com\/wp-content\/uploads\/2025\/03\/IMG_0063.jpeg","contentUrl":"https:\/\/tienda.farmaciarboyra.com\/wp-content\/uploads\/2025\/03\/IMG_0063.jpeg","width":797,"height":996,"caption":"Fusion Water Magic SPF50"},{"@type":"BreadcrumbList","@id":"https:\/\/tienda.farmaciarboyra.com\/producto\/fusion-water-magic-spf50-50ml\/#breadcrumb","itemListElement":[{"@type":"ListItem","position":1,"name":"Portada","item":"https:\/\/tienda.farmaciarboyra.com\/"},{"@type":"ListItem","position":2,"name":"Tienda","item":"https:\/\/tienda.farmaciarboyra.com\/tienda\/"},{"@type":"ListItem","position":3,"name":"FUSI\u00d3N WATER MAGIC SPF50 50ml"}]},{"@type":"WebSite","@id":"https:\/\/tienda.farmaciarboyra.com\/#website","url":"https:\/\/tienda.farmaciarboyra.com\/","name":"Farmacia R. Boyra","description":"Tienda on line de farmacia","publisher":{"@id":"https:\/\/tienda.farmaciarboyra.com\/#organization"},"potentialAction":[{"@type":"SearchAction","target":{"@type":"EntryPoint","urlTemplate":"https:\/\/tienda.farmaciarboyra.com\/?s={search_term_string}"},"query-input":{"@type":"PropertyValueSpecification","valueRequired":true,"valueName":"search_term_string"}}],"inLanguage":"eu"},{"@type":"Organization","@id":"https:\/\/tienda.farmaciarboyra.com\/#organization","name":"Farmacia R. Boyra","url":"https:\/\/tienda.farmaciarboyra.com\/","logo":{"@type":"ImageObject","inLanguage":"eu","@id":"https:\/\/tienda.farmaciarboyra.com\/#\/schema\/logo\/image\/","url":"https:\/\/tienda.farmaciarboyra.com\/wp-content\/uploads\/2023\/10\/color-sin-fondo-Farmacia-R.-Boyra-e1703070787621.png","contentUrl":"https:\/\/tienda.farmaciarboyra.com\/wp-content\/uploads\/2023\/10\/color-sin-fondo-Farmacia-R.-Boyra-e1703070787621.png","width":200,"height":200,"caption":"Farmacia R. Boyra"},"image":{"@id":"https:\/\/tienda.farmaciarboyra.com\/#\/schema\/logo\/image\/"}}]}},"jetpack_sharing_enabled":true,"_links":{"self":[{"href":"https:\/\/tienda.farmaciarboyra.com\/eu\/wp-json\/wp\/v2\/product\/1913","targetHints":{"allow":["GET"]}}],"collection":[{"href":"https:\/\/tienda.farmaciarboyra.com\/eu\/wp-json\/wp\/v2\/product"}],"about":[{"href":"https:\/\/tienda.farmaciarboyra.com\/eu\/wp-json\/wp\/v2\/types\/product"}],"replies":[{"embeddable":true,"href":"https:\/\/tienda.farmaciarboyra.com\/eu\/wp-json\/wp\/v2\/comments?post=1913"}],"wp:featuredmedia":[{"embeddable":true,"href":"https:\/\/tienda.farmaciarboyra.com\/eu\/wp-json\/wp\/v2\/media\/1914"}],"wp:attachment":[{"href":"https:\/\/tienda.farmaciarboyra.com\/eu\/wp-json\/wp\/v2\/media?parent=1913"}],"wp:term":[{"taxonomy":"product_brand","embeddable":true,"href":"https:\/\/tienda.farmaciarboyra.com\/eu\/wp-json\/wp\/v2\/product_brand?post=1913"},{"taxonomy":"product_cat","embeddable":true,"href":"https:\/\/tienda.farmaciarboyra.com\/eu\/wp-json\/wp\/v2\/product_cat?post=1913"},{"taxonomy":"product_tag","embeddable":true,"href":"https:\/\/tienda.farmaciarboyra.com\/eu\/wp-json\/wp\/v2\/product_tag?post=1913"}],"curies":[{"name":"wp","href":"https:\/\/api.w.org\/{rel}","templated":true}]}}