{"id":1076,"date":"2023-11-16T08:17:43","date_gmt":"2023-11-16T08:17:43","guid":{"rendered":"https:\/\/web4.rkinformatika.net\/tienda.farmaciarboyra\/producto\/boyra-crema-filler-antiarrugas\/"},"modified":"2025-02-27T22:38:34","modified_gmt":"2025-02-27T22:38:34","slug":"boyra-crema-filler-antiarrugas","status":"publish","type":"product","link":"https:\/\/tienda.farmaciarboyra.com\/eu\/produktua\/boyra-crema-filler-antiarrugas\/","title":{"rendered":"Boyra crema filler antiarrugas"},"content":{"rendered":"<p>\u00c1cido hialur\u00f3nico y Col\u00e1geno Marino para pieles normales y secas . \u00c1cido hialur\u00f3nico de origen biotecnol\u00f3gico con un alto grado de pureza y una intensa actividad hidratante .Enriquecida con PROVITAMINA B5 y VITAMINA E para una piel el\u00e1stica, compacta y joven. Modo de uso: Aplicar por la ma\u00f1ana y\/o por la noche sobre la piel limpia de la cara y el cuello.<\/p>","protected":false},"excerpt":{"rendered":"<p>BOYRA CREMA FILLER ANTIARRUGAS<\/p>","protected":false},"featured_media":1345,"comment_status":"open","ping_status":"closed","template":"","meta":[],"product_brand":[],"product_cat":[59],"product_tag":[24],"class_list":{"0":"post-1076","1":"product","2":"type-product","3":"status-publish","4":"has-post-thumbnail","6":"product_cat-boyra","7":"product_tag-50-ml","9":"first","10":"outofstock","11":"taxable","12":"shipping-taxable","13":"purchasable","14":"product-type-simple"},"yoast_head":"<!-- This site is optimized with the Yoast SEO plugin v27.3 - https:\/\/yoast.com\/product\/yoast-seo-wordpress\/ -->\n<title>Boyra crema filler antiarrugas - Farmacia R. Boyra<\/title>\n<meta name=\"robots\" content=\"index, follow, max-snippet:-1, max-image-preview:large, max-video-preview:-1\" \/>\n<link rel=\"canonical\" href=\"https:\/\/tienda.farmaciarboyra.com\/eu\/produktua\/boyra-crema-filler-antiarrugas\/\" \/>\n<meta property=\"og:locale\" content=\"en_US\" \/>\n<meta property=\"og:type\" content=\"article\" \/>\n<meta property=\"og:title\" content=\"Boyra crema filler antiarrugas - Farmacia R. Boyra\" \/>\n<meta property=\"og:description\" content=\"BOYRA CREMA FILLER ANTIARRUGAS\" \/>\n<meta property=\"og:url\" content=\"https:\/\/tienda.farmaciarboyra.com\/eu\/produktua\/boyra-crema-filler-antiarrugas\/\" \/>\n<meta property=\"og:site_name\" content=\"Farmacia R. Boyra\" \/>\n<meta property=\"article:modified_time\" content=\"2025-02-27T22:38:34+00:00\" \/>\n<meta property=\"og:image\" content=\"https:\/\/tienda.farmaciarboyra.com\/wp-content\/uploads\/2023\/11\/59601cf2-e552-4d66-97ca-12ba18bcff45.png\" \/>\n\t<meta property=\"og:image:width\" content=\"960\" \/>\n\t<meta property=\"og:image:height\" content=\"1200\" \/>\n\t<meta property=\"og:image:type\" content=\"image\/png\" \/>\n<meta name=\"twitter:card\" content=\"summary_large_image\" \/>\n<meta name=\"twitter:label1\" content=\"Est. reading time\" \/>\n\t<meta name=\"twitter:data1\" content=\"1 minutua\" \/>\n<script type=\"application\/ld+json\" class=\"yoast-schema-graph\">{\"@context\":\"https:\\\/\\\/schema.org\",\"@graph\":[{\"@type\":\"WebPage\",\"@id\":\"https:\\\/\\\/tienda.farmaciarboyra.com\\\/producto\\\/boyra-crema-filler-antiarrugas\\\/\",\"url\":\"https:\\\/\\\/tienda.farmaciarboyra.com\\\/producto\\\/boyra-crema-filler-antiarrugas\\\/\",\"name\":\"Boyra crema filler antiarrugas - Farmacia R. Boyra\",\"isPartOf\":{\"@id\":\"https:\\\/\\\/tienda.farmaciarboyra.com\\\/#website\"},\"primaryImageOfPage\":{\"@id\":\"https:\\\/\\\/tienda.farmaciarboyra.com\\\/producto\\\/boyra-crema-filler-antiarrugas\\\/#primaryimage\"},\"image\":{\"@id\":\"https:\\\/\\\/tienda.farmaciarboyra.com\\\/producto\\\/boyra-crema-filler-antiarrugas\\\/#primaryimage\"},\"thumbnailUrl\":\"https:\\\/\\\/tienda.farmaciarboyra.com\\\/wp-content\\\/uploads\\\/2023\\\/11\\\/59601cf2-e552-4d66-97ca-12ba18bcff45.png\",\"datePublished\":\"2023-11-16T08:17:43+00:00\",\"dateModified\":\"2025-02-27T22:38:34+00:00\",\"breadcrumb\":{\"@id\":\"https:\\\/\\\/tienda.farmaciarboyra.com\\\/producto\\\/boyra-crema-filler-antiarrugas\\\/#breadcrumb\"},\"inLanguage\":\"eu\",\"potentialAction\":[{\"@type\":\"ReadAction\",\"target\":[\"https:\\\/\\\/tienda.farmaciarboyra.com\\\/producto\\\/boyra-crema-filler-antiarrugas\\\/\"]}]},{\"@type\":\"ImageObject\",\"inLanguage\":\"eu\",\"@id\":\"https:\\\/\\\/tienda.farmaciarboyra.com\\\/producto\\\/boyra-crema-filler-antiarrugas\\\/#primaryimage\",\"url\":\"https:\\\/\\\/tienda.farmaciarboyra.com\\\/wp-content\\\/uploads\\\/2023\\\/11\\\/59601cf2-e552-4d66-97ca-12ba18bcff45.png\",\"contentUrl\":\"https:\\\/\\\/tienda.farmaciarboyra.com\\\/wp-content\\\/uploads\\\/2023\\\/11\\\/59601cf2-e552-4d66-97ca-12ba18bcff45.png\",\"width\":960,\"height\":1200},{\"@type\":\"BreadcrumbList\",\"@id\":\"https:\\\/\\\/tienda.farmaciarboyra.com\\\/producto\\\/boyra-crema-filler-antiarrugas\\\/#breadcrumb\",\"itemListElement\":[{\"@type\":\"ListItem\",\"position\":1,\"name\":\"Portada\",\"item\":\"https:\\\/\\\/tienda.farmaciarboyra.com\\\/\"},{\"@type\":\"ListItem\",\"position\":2,\"name\":\"Tienda\",\"item\":\"https:\\\/\\\/tienda.farmaciarboyra.com\\\/tienda\\\/\"},{\"@type\":\"ListItem\",\"position\":3,\"name\":\"Boyra crema filler antiarrugas\"}]},{\"@type\":\"WebSite\",\"@id\":\"https:\\\/\\\/tienda.farmaciarboyra.com\\\/#website\",\"url\":\"https:\\\/\\\/tienda.farmaciarboyra.com\\\/\",\"name\":\"Farmacia R. Boyra\",\"description\":\"Tienda on line de farmacia\",\"publisher\":{\"@id\":\"https:\\\/\\\/tienda.farmaciarboyra.com\\\/#organization\"},\"potentialAction\":[{\"@type\":\"SearchAction\",\"target\":{\"@type\":\"EntryPoint\",\"urlTemplate\":\"https:\\\/\\\/tienda.farmaciarboyra.com\\\/?s={search_term_string}\"},\"query-input\":{\"@type\":\"PropertyValueSpecification\",\"valueRequired\":true,\"valueName\":\"search_term_string\"}}],\"inLanguage\":\"eu\"},{\"@type\":\"Organization\",\"@id\":\"https:\\\/\\\/tienda.farmaciarboyra.com\\\/#organization\",\"name\":\"Farmacia R. Boyra\",\"url\":\"https:\\\/\\\/tienda.farmaciarboyra.com\\\/\",\"logo\":{\"@type\":\"ImageObject\",\"inLanguage\":\"eu\",\"@id\":\"https:\\\/\\\/tienda.farmaciarboyra.com\\\/#\\\/schema\\\/logo\\\/image\\\/\",\"url\":\"https:\\\/\\\/tienda.farmaciarboyra.com\\\/wp-content\\\/uploads\\\/2023\\\/10\\\/color-sin-fondo-Farmacia-R.-Boyra-e1703070787621.png\",\"contentUrl\":\"https:\\\/\\\/tienda.farmaciarboyra.com\\\/wp-content\\\/uploads\\\/2023\\\/10\\\/color-sin-fondo-Farmacia-R.-Boyra-e1703070787621.png\",\"width\":200,\"height\":200,\"caption\":\"Farmacia R. Boyra\"},\"image\":{\"@id\":\"https:\\\/\\\/tienda.farmaciarboyra.com\\\/#\\\/schema\\\/logo\\\/image\\\/\"}}]}<\/script>\n<!-- \/ Yoast SEO plugin. -->","yoast_head_json":{"title":"Boyra crema filler antiarrugas - Farmacia R. Boyra","robots":{"index":"index","follow":"follow","max-snippet":"max-snippet:-1","max-image-preview":"max-image-preview:large","max-video-preview":"max-video-preview:-1"},"canonical":"https:\/\/tienda.farmaciarboyra.com\/eu\/produktua\/boyra-crema-filler-antiarrugas\/","og_locale":"en_US","og_type":"article","og_title":"Boyra crema filler antiarrugas - Farmacia R. Boyra","og_description":"BOYRA CREMA FILLER ANTIARRUGAS","og_url":"https:\/\/tienda.farmaciarboyra.com\/eu\/produktua\/boyra-crema-filler-antiarrugas\/","og_site_name":"Farmacia R. Boyra","article_modified_time":"2025-02-27T22:38:34+00:00","og_image":[{"width":960,"height":1200,"url":"https:\/\/tienda.farmaciarboyra.com\/wp-content\/uploads\/2023\/11\/59601cf2-e552-4d66-97ca-12ba18bcff45.png","type":"image\/png"}],"twitter_card":"summary_large_image","twitter_misc":{"Est. reading time":"1 minutua"},"schema":{"@context":"https:\/\/schema.org","@graph":[{"@type":"WebPage","@id":"https:\/\/tienda.farmaciarboyra.com\/producto\/boyra-crema-filler-antiarrugas\/","url":"https:\/\/tienda.farmaciarboyra.com\/producto\/boyra-crema-filler-antiarrugas\/","name":"Boyra crema filler antiarrugas - Farmacia R. Boyra","isPartOf":{"@id":"https:\/\/tienda.farmaciarboyra.com\/#website"},"primaryImageOfPage":{"@id":"https:\/\/tienda.farmaciarboyra.com\/producto\/boyra-crema-filler-antiarrugas\/#primaryimage"},"image":{"@id":"https:\/\/tienda.farmaciarboyra.com\/producto\/boyra-crema-filler-antiarrugas\/#primaryimage"},"thumbnailUrl":"https:\/\/tienda.farmaciarboyra.com\/wp-content\/uploads\/2023\/11\/59601cf2-e552-4d66-97ca-12ba18bcff45.png","datePublished":"2023-11-16T08:17:43+00:00","dateModified":"2025-02-27T22:38:34+00:00","breadcrumb":{"@id":"https:\/\/tienda.farmaciarboyra.com\/producto\/boyra-crema-filler-antiarrugas\/#breadcrumb"},"inLanguage":"eu","potentialAction":[{"@type":"ReadAction","target":["https:\/\/tienda.farmaciarboyra.com\/producto\/boyra-crema-filler-antiarrugas\/"]}]},{"@type":"ImageObject","inLanguage":"eu","@id":"https:\/\/tienda.farmaciarboyra.com\/producto\/boyra-crema-filler-antiarrugas\/#primaryimage","url":"https:\/\/tienda.farmaciarboyra.com\/wp-content\/uploads\/2023\/11\/59601cf2-e552-4d66-97ca-12ba18bcff45.png","contentUrl":"https:\/\/tienda.farmaciarboyra.com\/wp-content\/uploads\/2023\/11\/59601cf2-e552-4d66-97ca-12ba18bcff45.png","width":960,"height":1200},{"@type":"BreadcrumbList","@id":"https:\/\/tienda.farmaciarboyra.com\/producto\/boyra-crema-filler-antiarrugas\/#breadcrumb","itemListElement":[{"@type":"ListItem","position":1,"name":"Portada","item":"https:\/\/tienda.farmaciarboyra.com\/"},{"@type":"ListItem","position":2,"name":"Tienda","item":"https:\/\/tienda.farmaciarboyra.com\/tienda\/"},{"@type":"ListItem","position":3,"name":"Boyra crema filler antiarrugas"}]},{"@type":"WebSite","@id":"https:\/\/tienda.farmaciarboyra.com\/#website","url":"https:\/\/tienda.farmaciarboyra.com\/","name":"Farmacia R. Boyra","description":"Tienda on line de farmacia","publisher":{"@id":"https:\/\/tienda.farmaciarboyra.com\/#organization"},"potentialAction":[{"@type":"SearchAction","target":{"@type":"EntryPoint","urlTemplate":"https:\/\/tienda.farmaciarboyra.com\/?s={search_term_string}"},"query-input":{"@type":"PropertyValueSpecification","valueRequired":true,"valueName":"search_term_string"}}],"inLanguage":"eu"},{"@type":"Organization","@id":"https:\/\/tienda.farmaciarboyra.com\/#organization","name":"Farmacia R. Boyra","url":"https:\/\/tienda.farmaciarboyra.com\/","logo":{"@type":"ImageObject","inLanguage":"eu","@id":"https:\/\/tienda.farmaciarboyra.com\/#\/schema\/logo\/image\/","url":"https:\/\/tienda.farmaciarboyra.com\/wp-content\/uploads\/2023\/10\/color-sin-fondo-Farmacia-R.-Boyra-e1703070787621.png","contentUrl":"https:\/\/tienda.farmaciarboyra.com\/wp-content\/uploads\/2023\/10\/color-sin-fondo-Farmacia-R.-Boyra-e1703070787621.png","width":200,"height":200,"caption":"Farmacia R. Boyra"},"image":{"@id":"https:\/\/tienda.farmaciarboyra.com\/#\/schema\/logo\/image\/"}}]}},"jetpack_sharing_enabled":true,"_links":{"self":[{"href":"https:\/\/tienda.farmaciarboyra.com\/eu\/wp-json\/wp\/v2\/product\/1076","targetHints":{"allow":["GET"]}}],"collection":[{"href":"https:\/\/tienda.farmaciarboyra.com\/eu\/wp-json\/wp\/v2\/product"}],"about":[{"href":"https:\/\/tienda.farmaciarboyra.com\/eu\/wp-json\/wp\/v2\/types\/product"}],"replies":[{"embeddable":true,"href":"https:\/\/tienda.farmaciarboyra.com\/eu\/wp-json\/wp\/v2\/comments?post=1076"}],"wp:featuredmedia":[{"embeddable":true,"href":"https:\/\/tienda.farmaciarboyra.com\/eu\/wp-json\/wp\/v2\/media\/1345"}],"wp:attachment":[{"href":"https:\/\/tienda.farmaciarboyra.com\/eu\/wp-json\/wp\/v2\/media?parent=1076"}],"wp:term":[{"taxonomy":"product_brand","embeddable":true,"href":"https:\/\/tienda.farmaciarboyra.com\/eu\/wp-json\/wp\/v2\/product_brand?post=1076"},{"taxonomy":"product_cat","embeddable":true,"href":"https:\/\/tienda.farmaciarboyra.com\/eu\/wp-json\/wp\/v2\/product_cat?post=1076"},{"taxonomy":"product_tag","embeddable":true,"href":"https:\/\/tienda.farmaciarboyra.com\/eu\/wp-json\/wp\/v2\/product_tag?post=1076"}],"curies":[{"name":"wp","href":"https:\/\/api.w.org\/{rel}","templated":true}]}}