{"id":1058,"date":"2023-11-16T08:17:37","date_gmt":"2023-11-16T08:17:37","guid":{"rendered":"https:\/\/web4.rkinformatika.net\/tienda.farmaciarboyra\/producto\/aderma-exomega-control-balsamo-emoliente\/"},"modified":"2025-03-21T10:10:04","modified_gmt":"2025-03-21T10:10:04","slug":"aderma-exomega-control-balsamo-emoliente","status":"publish","type":"product","link":"https:\/\/tienda.farmaciarboyra.com\/eu\/produktua\/aderma-exomega-control-balsamo-emoliente\/","title":{"rendered":"A-DERMA EXOMEGA CONTROL B\u00c1LSAMO EMOLIENTE 400ml"},"content":{"rendered":"<p>&nbsp;<\/p>\n<p>El A-derma Exomega Control B\u00e1lsamo Emoliente es ideal para el cuidado diario de pieles at\u00f3picas, extra secas, irritadas y con picaz\u00f3n. Su f\u00f3rmula \u00fanica, enriquecida con activos naturales como el Rhealba\u00ae de Avena y Filax\u00e9rine\u00ae, brinda una sensaci\u00f3n de alivio instant\u00e1neo y duradero, reduciendo la irritaci\u00f3n, restaurando la barrera cut\u00e1nea y previniendo la sequedad. Adem\u00e1s, es de r\u00e1pida absorci\u00f3n, no graso y altamente seguro para su uso en beb\u00e9s, ni\u00f1os y adultos.<\/p>\n<p>Este b\u00e1lsamo emoliente est\u00e1 especialmente formulado para todas aquellas personas que sufren de piel at\u00f3pica, extra seca, irritada o con picaz\u00f3n. Es perfecto para beb\u00e9s, ni\u00f1os y adultos que buscan aliviar y proteger su piel de forma segura y eficaz. Si est\u00e1s cansado de los productos convencionales que no te brindan los resultados deseados, el A-derma Exomega Control B\u00e1lsamo Emoliente ser\u00e1 tu mejor aliado para restaurar la salud y belleza de tu piel.<\/p>\n<div class=\"block-content-heading\">\n<p>VENTAJAS<\/p>\n<\/div>\n<p>Este b\u00e1lsamo emoliente antipicor y redensificante alivia la piel seca propensa al eczema at\u00f3pico con una sola aplicaci\u00f3n diaria.<\/p>\n<div class=\"block-content-heading\">\n<p>BENEFICIOS<\/p>\n<\/div>\n<p>\u2022 ANTIIRRITACI\u00d3N : alivia la piel inmediatamente despu\u00e9s de la aplicaci\u00f3n y espacia los episodios de irritaci\u00f3n.<\/p>\n<p>\u2022 REDUCE la sequedad de la piel de adultos y ni\u00f1os desde el nacimiento, gracias a su textura de b\u00e1lsamo nutritivo y envolvente.<\/p>\n<p>\u2022 RESPETA la piel gracias a su f\u00f3rmula con un 95% de ingredientes naturales y la estricta carta de formulaci\u00f3n (&#8216;Conscious, Clean and Green&#8217;) de A-DERMA, un laboratorio dermatol\u00f3gico de origen vegetal.<\/p>\n<p class=\"style-1\">TEXTURA<\/p>\n<p class=\"style-1\">Una textura sumamente agradable, suntuosa y f\u00e1cil de aplicar que se absorbe r\u00e1pidamente para un m\u00e1ximo confort de uso.<\/p>\n<p class=\"style-1\">Sin perfume.<\/p>\n<p>RECOMENDACIONES DE USO<\/p>\n<p>Para obtener los mejores resultados, te recomendamos aplicar el A-derma Exomega Control B\u00e1lsamo Emoliente sobre la piel limpia y seca, realizando suaves masajes hasta su completa absorci\u00f3n. Puedes utilizarlo diariamente, preferiblemente despu\u00e9s del ba\u00f1o y antes de acostarte. Recuerda que una peque\u00f1a cantidad es suficiente para cubrir grandes \u00e1reas del cuerpo, por lo que el producto puede durarte mucho tiempo.<\/p>","protected":false},"excerpt":{"rendered":"<p>Aderma Exomega Control B&aacute;lsamo Emoliente&lt;\/p&gt;<\/p>","protected":false},"featured_media":1327,"comment_status":"open","ping_status":"closed","template":"","meta":[],"product_brand":[],"product_cat":[58],"product_tag":[57],"class_list":{"0":"post-1058","1":"product","2":"type-product","3":"status-publish","4":"has-post-thumbnail","6":"product_cat-aderma","7":"product_tag-400ml","9":"first","10":"instock","11":"taxable","12":"shipping-taxable","13":"purchasable","14":"product-type-simple"},"yoast_head":"<!-- This site is optimized with the Yoast SEO plugin v27.3 - https:\/\/yoast.com\/product\/yoast-seo-wordpress\/ -->\n<title>A-DERMA EXOMEGA CONTROL B\u00c1LSAMO EMOLIENTE 400ml - Farmacia R. Boyra<\/title>\n<meta name=\"description\" content=\"El A-derma Exomega Control B\u00e1lsamo Emoliente es ideal para el cuidado de pieles at\u00f3picas, extra secas, irritadas y con picaz\u00f3n en beb\u00e9s, ni\u00f1os y adultos.\" \/>\n<meta name=\"robots\" content=\"index, follow, max-snippet:-1, max-image-preview:large, max-video-preview:-1\" \/>\n<link rel=\"canonical\" href=\"https:\/\/tienda.farmaciarboyra.com\/eu\/produktua\/aderma-exomega-control-balsamo-emoliente\/\" \/>\n<meta property=\"og:locale\" content=\"en_US\" \/>\n<meta property=\"og:type\" content=\"article\" \/>\n<meta property=\"og:title\" content=\"A-DERMA EXOMEGA CONTROL B\u00c1LSAMO EMOLIENTE 400ml - Farmacia R. Boyra\" \/>\n<meta property=\"og:description\" content=\"El A-derma Exomega Control B\u00e1lsamo Emoliente es ideal para el cuidado de pieles at\u00f3picas, extra secas, irritadas y con picaz\u00f3n en beb\u00e9s, ni\u00f1os y adultos.\" \/>\n<meta property=\"og:url\" content=\"https:\/\/tienda.farmaciarboyra.com\/eu\/produktua\/aderma-exomega-control-balsamo-emoliente\/\" \/>\n<meta property=\"og:site_name\" content=\"Farmacia R. Boyra\" \/>\n<meta property=\"article:modified_time\" content=\"2025-03-21T10:10:04+00:00\" \/>\n<meta property=\"og:image\" content=\"https:\/\/tienda.farmaciarboyra.com\/wp-content\/uploads\/2023\/11\/u5wa3z31qn5sjn6ejgysu6yo4mz43diywws4kqe.webp\" \/>\n\t<meta property=\"og:image:width\" content=\"300\" \/>\n\t<meta property=\"og:image:height\" content=\"300\" \/>\n\t<meta property=\"og:image:type\" content=\"image\/webp\" \/>\n<meta name=\"twitter:card\" content=\"summary_large_image\" \/>\n<meta name=\"twitter:label1\" content=\"Est. reading time\" \/>\n\t<meta name=\"twitter:data1\" content=\"2 minutua\" \/>\n<script type=\"application\/ld+json\" class=\"yoast-schema-graph\">{\"@context\":\"https:\\\/\\\/schema.org\",\"@graph\":[{\"@type\":\"WebPage\",\"@id\":\"https:\\\/\\\/tienda.farmaciarboyra.com\\\/producto\\\/aderma-exomega-control-balsamo-emoliente\\\/\",\"url\":\"https:\\\/\\\/tienda.farmaciarboyra.com\\\/producto\\\/aderma-exomega-control-balsamo-emoliente\\\/\",\"name\":\"A-DERMA EXOMEGA CONTROL B\u00c1LSAMO EMOLIENTE 400ml - Farmacia R. Boyra\",\"isPartOf\":{\"@id\":\"https:\\\/\\\/tienda.farmaciarboyra.com\\\/#website\"},\"primaryImageOfPage\":{\"@id\":\"https:\\\/\\\/tienda.farmaciarboyra.com\\\/producto\\\/aderma-exomega-control-balsamo-emoliente\\\/#primaryimage\"},\"image\":{\"@id\":\"https:\\\/\\\/tienda.farmaciarboyra.com\\\/producto\\\/aderma-exomega-control-balsamo-emoliente\\\/#primaryimage\"},\"thumbnailUrl\":\"https:\\\/\\\/tienda.farmaciarboyra.com\\\/wp-content\\\/uploads\\\/2023\\\/11\\\/u5wa3z31qn5sjn6ejgysu6yo4mz43diywws4kqe.webp\",\"datePublished\":\"2023-11-16T08:17:37+00:00\",\"dateModified\":\"2025-03-21T10:10:04+00:00\",\"description\":\"El A-derma Exomega Control B\u00e1lsamo Emoliente es ideal para el cuidado de pieles at\u00f3picas, extra secas, irritadas y con picaz\u00f3n en beb\u00e9s, ni\u00f1os y adultos.\",\"breadcrumb\":{\"@id\":\"https:\\\/\\\/tienda.farmaciarboyra.com\\\/producto\\\/aderma-exomega-control-balsamo-emoliente\\\/#breadcrumb\"},\"inLanguage\":\"eu\",\"potentialAction\":[{\"@type\":\"ReadAction\",\"target\":[\"https:\\\/\\\/tienda.farmaciarboyra.com\\\/producto\\\/aderma-exomega-control-balsamo-emoliente\\\/\"]}]},{\"@type\":\"ImageObject\",\"inLanguage\":\"eu\",\"@id\":\"https:\\\/\\\/tienda.farmaciarboyra.com\\\/producto\\\/aderma-exomega-control-balsamo-emoliente\\\/#primaryimage\",\"url\":\"https:\\\/\\\/tienda.farmaciarboyra.com\\\/wp-content\\\/uploads\\\/2023\\\/11\\\/u5wa3z31qn5sjn6ejgysu6yo4mz43diywws4kqe.webp\",\"contentUrl\":\"https:\\\/\\\/tienda.farmaciarboyra.com\\\/wp-content\\\/uploads\\\/2023\\\/11\\\/u5wa3z31qn5sjn6ejgysu6yo4mz43diywws4kqe.webp\",\"width\":300,\"height\":300},{\"@type\":\"BreadcrumbList\",\"@id\":\"https:\\\/\\\/tienda.farmaciarboyra.com\\\/producto\\\/aderma-exomega-control-balsamo-emoliente\\\/#breadcrumb\",\"itemListElement\":[{\"@type\":\"ListItem\",\"position\":1,\"name\":\"Portada\",\"item\":\"https:\\\/\\\/tienda.farmaciarboyra.com\\\/\"},{\"@type\":\"ListItem\",\"position\":2,\"name\":\"Tienda\",\"item\":\"https:\\\/\\\/tienda.farmaciarboyra.com\\\/tienda\\\/\"},{\"@type\":\"ListItem\",\"position\":3,\"name\":\"A-DERMA EXOMEGA CONTROL B\u00c1LSAMO EMOLIENTE 400ml\"}]},{\"@type\":\"WebSite\",\"@id\":\"https:\\\/\\\/tienda.farmaciarboyra.com\\\/#website\",\"url\":\"https:\\\/\\\/tienda.farmaciarboyra.com\\\/\",\"name\":\"Farmacia R. Boyra\",\"description\":\"Tienda on line de farmacia\",\"publisher\":{\"@id\":\"https:\\\/\\\/tienda.farmaciarboyra.com\\\/#organization\"},\"potentialAction\":[{\"@type\":\"SearchAction\",\"target\":{\"@type\":\"EntryPoint\",\"urlTemplate\":\"https:\\\/\\\/tienda.farmaciarboyra.com\\\/?s={search_term_string}\"},\"query-input\":{\"@type\":\"PropertyValueSpecification\",\"valueRequired\":true,\"valueName\":\"search_term_string\"}}],\"inLanguage\":\"eu\"},{\"@type\":\"Organization\",\"@id\":\"https:\\\/\\\/tienda.farmaciarboyra.com\\\/#organization\",\"name\":\"Farmacia R. Boyra\",\"url\":\"https:\\\/\\\/tienda.farmaciarboyra.com\\\/\",\"logo\":{\"@type\":\"ImageObject\",\"inLanguage\":\"eu\",\"@id\":\"https:\\\/\\\/tienda.farmaciarboyra.com\\\/#\\\/schema\\\/logo\\\/image\\\/\",\"url\":\"https:\\\/\\\/tienda.farmaciarboyra.com\\\/wp-content\\\/uploads\\\/2023\\\/10\\\/color-sin-fondo-Farmacia-R.-Boyra-e1703070787621.png\",\"contentUrl\":\"https:\\\/\\\/tienda.farmaciarboyra.com\\\/wp-content\\\/uploads\\\/2023\\\/10\\\/color-sin-fondo-Farmacia-R.-Boyra-e1703070787621.png\",\"width\":200,\"height\":200,\"caption\":\"Farmacia R. Boyra\"},\"image\":{\"@id\":\"https:\\\/\\\/tienda.farmaciarboyra.com\\\/#\\\/schema\\\/logo\\\/image\\\/\"}}]}<\/script>\n<!-- \/ Yoast SEO plugin. -->","yoast_head_json":{"title":"A-DERMA EXOMEGA CONTROL B\u00c1LSAMO EMOLIENTE 400ml - Farmacia R. Boyra","description":"El A-derma Exomega Control B\u00e1lsamo Emoliente es ideal para el cuidado de pieles at\u00f3picas, extra secas, irritadas y con picaz\u00f3n en beb\u00e9s, ni\u00f1os y adultos.","robots":{"index":"index","follow":"follow","max-snippet":"max-snippet:-1","max-image-preview":"max-image-preview:large","max-video-preview":"max-video-preview:-1"},"canonical":"https:\/\/tienda.farmaciarboyra.com\/eu\/produktua\/aderma-exomega-control-balsamo-emoliente\/","og_locale":"en_US","og_type":"article","og_title":"A-DERMA EXOMEGA CONTROL B\u00c1LSAMO EMOLIENTE 400ml - Farmacia R. Boyra","og_description":"El A-derma Exomega Control B\u00e1lsamo Emoliente es ideal para el cuidado de pieles at\u00f3picas, extra secas, irritadas y con picaz\u00f3n en beb\u00e9s, ni\u00f1os y adultos.","og_url":"https:\/\/tienda.farmaciarboyra.com\/eu\/produktua\/aderma-exomega-control-balsamo-emoliente\/","og_site_name":"Farmacia R. Boyra","article_modified_time":"2025-03-21T10:10:04+00:00","og_image":[{"width":300,"height":300,"url":"https:\/\/tienda.farmaciarboyra.com\/wp-content\/uploads\/2023\/11\/u5wa3z31qn5sjn6ejgysu6yo4mz43diywws4kqe.webp","type":"image\/webp"}],"twitter_card":"summary_large_image","twitter_misc":{"Est. reading time":"2 minutua"},"schema":{"@context":"https:\/\/schema.org","@graph":[{"@type":"WebPage","@id":"https:\/\/tienda.farmaciarboyra.com\/producto\/aderma-exomega-control-balsamo-emoliente\/","url":"https:\/\/tienda.farmaciarboyra.com\/producto\/aderma-exomega-control-balsamo-emoliente\/","name":"A-DERMA EXOMEGA CONTROL B\u00c1LSAMO EMOLIENTE 400ml - Farmacia R. Boyra","isPartOf":{"@id":"https:\/\/tienda.farmaciarboyra.com\/#website"},"primaryImageOfPage":{"@id":"https:\/\/tienda.farmaciarboyra.com\/producto\/aderma-exomega-control-balsamo-emoliente\/#primaryimage"},"image":{"@id":"https:\/\/tienda.farmaciarboyra.com\/producto\/aderma-exomega-control-balsamo-emoliente\/#primaryimage"},"thumbnailUrl":"https:\/\/tienda.farmaciarboyra.com\/wp-content\/uploads\/2023\/11\/u5wa3z31qn5sjn6ejgysu6yo4mz43diywws4kqe.webp","datePublished":"2023-11-16T08:17:37+00:00","dateModified":"2025-03-21T10:10:04+00:00","description":"El A-derma Exomega Control B\u00e1lsamo Emoliente es ideal para el cuidado de pieles at\u00f3picas, extra secas, irritadas y con picaz\u00f3n en beb\u00e9s, ni\u00f1os y adultos.","breadcrumb":{"@id":"https:\/\/tienda.farmaciarboyra.com\/producto\/aderma-exomega-control-balsamo-emoliente\/#breadcrumb"},"inLanguage":"eu","potentialAction":[{"@type":"ReadAction","target":["https:\/\/tienda.farmaciarboyra.com\/producto\/aderma-exomega-control-balsamo-emoliente\/"]}]},{"@type":"ImageObject","inLanguage":"eu","@id":"https:\/\/tienda.farmaciarboyra.com\/producto\/aderma-exomega-control-balsamo-emoliente\/#primaryimage","url":"https:\/\/tienda.farmaciarboyra.com\/wp-content\/uploads\/2023\/11\/u5wa3z31qn5sjn6ejgysu6yo4mz43diywws4kqe.webp","contentUrl":"https:\/\/tienda.farmaciarboyra.com\/wp-content\/uploads\/2023\/11\/u5wa3z31qn5sjn6ejgysu6yo4mz43diywws4kqe.webp","width":300,"height":300},{"@type":"BreadcrumbList","@id":"https:\/\/tienda.farmaciarboyra.com\/producto\/aderma-exomega-control-balsamo-emoliente\/#breadcrumb","itemListElement":[{"@type":"ListItem","position":1,"name":"Portada","item":"https:\/\/tienda.farmaciarboyra.com\/"},{"@type":"ListItem","position":2,"name":"Tienda","item":"https:\/\/tienda.farmaciarboyra.com\/tienda\/"},{"@type":"ListItem","position":3,"name":"A-DERMA EXOMEGA CONTROL B\u00c1LSAMO EMOLIENTE 400ml"}]},{"@type":"WebSite","@id":"https:\/\/tienda.farmaciarboyra.com\/#website","url":"https:\/\/tienda.farmaciarboyra.com\/","name":"Farmacia R. Boyra","description":"Tienda on line de farmacia","publisher":{"@id":"https:\/\/tienda.farmaciarboyra.com\/#organization"},"potentialAction":[{"@type":"SearchAction","target":{"@type":"EntryPoint","urlTemplate":"https:\/\/tienda.farmaciarboyra.com\/?s={search_term_string}"},"query-input":{"@type":"PropertyValueSpecification","valueRequired":true,"valueName":"search_term_string"}}],"inLanguage":"eu"},{"@type":"Organization","@id":"https:\/\/tienda.farmaciarboyra.com\/#organization","name":"Farmacia R. Boyra","url":"https:\/\/tienda.farmaciarboyra.com\/","logo":{"@type":"ImageObject","inLanguage":"eu","@id":"https:\/\/tienda.farmaciarboyra.com\/#\/schema\/logo\/image\/","url":"https:\/\/tienda.farmaciarboyra.com\/wp-content\/uploads\/2023\/10\/color-sin-fondo-Farmacia-R.-Boyra-e1703070787621.png","contentUrl":"https:\/\/tienda.farmaciarboyra.com\/wp-content\/uploads\/2023\/10\/color-sin-fondo-Farmacia-R.-Boyra-e1703070787621.png","width":200,"height":200,"caption":"Farmacia R. Boyra"},"image":{"@id":"https:\/\/tienda.farmaciarboyra.com\/#\/schema\/logo\/image\/"}}]}},"jetpack_sharing_enabled":true,"_links":{"self":[{"href":"https:\/\/tienda.farmaciarboyra.com\/eu\/wp-json\/wp\/v2\/product\/1058","targetHints":{"allow":["GET"]}}],"collection":[{"href":"https:\/\/tienda.farmaciarboyra.com\/eu\/wp-json\/wp\/v2\/product"}],"about":[{"href":"https:\/\/tienda.farmaciarboyra.com\/eu\/wp-json\/wp\/v2\/types\/product"}],"replies":[{"embeddable":true,"href":"https:\/\/tienda.farmaciarboyra.com\/eu\/wp-json\/wp\/v2\/comments?post=1058"}],"wp:featuredmedia":[{"embeddable":true,"href":"https:\/\/tienda.farmaciarboyra.com\/eu\/wp-json\/wp\/v2\/media\/1327"}],"wp:attachment":[{"href":"https:\/\/tienda.farmaciarboyra.com\/eu\/wp-json\/wp\/v2\/media?parent=1058"}],"wp:term":[{"taxonomy":"product_brand","embeddable":true,"href":"https:\/\/tienda.farmaciarboyra.com\/eu\/wp-json\/wp\/v2\/product_brand?post=1058"},{"taxonomy":"product_cat","embeddable":true,"href":"https:\/\/tienda.farmaciarboyra.com\/eu\/wp-json\/wp\/v2\/product_cat?post=1058"},{"taxonomy":"product_tag","embeddable":true,"href":"https:\/\/tienda.farmaciarboyra.com\/eu\/wp-json\/wp\/v2\/product_tag?post=1058"}],"curies":[{"name":"wp","href":"https:\/\/api.w.org\/{rel}","templated":true}]}}