{"id":1057,"date":"2023-11-16T08:17:37","date_gmt":"2023-11-16T08:17:37","guid":{"rendered":"https:\/\/web4.rkinformatika.net\/tienda.farmaciarboyra\/producto\/aderma-exomega-control-leche-corporal-emoliente\/"},"modified":"2025-02-27T22:44:31","modified_gmt":"2025-02-27T22:44:31","slug":"aderma-exomega-control-leche-corporal-emoliente","status":"publish","type":"product","link":"https:\/\/tienda.farmaciarboyra.com\/eu\/produktua\/aderma-exomega-control-leche-corporal-emoliente\/","title":{"rendered":"Aderma exomega control leche corporal emoliente"},"content":{"rendered":"<p>La LOCI\u00d3N EMOLIENTE anti-rascado ayuda, con una sola aplicaci\u00f3n al d\u00eda, a calmar el picor* y a hacer menos frecuentes los brotes de irritaci\u00f3n, al tiempo que reduce el enrojecimiento de las pieles secas con tendencia al eccema at\u00f3pico. Su eficacia 360\u00ba reduce la sequedad, refuerza la barrera cut\u00e1nea y ayuda a reequilibrar el microbioma. Una loci\u00f3n nutritiva con una textura ultrarrica y no pegajosa para una triple acci\u00f3n calmante con una sola aplicaci\u00f3n al d\u00eda.<\/p>","protected":false},"excerpt":{"rendered":"<p>Aderma Exomega Control Leche Corporal Emoliente<\/p>","protected":false},"featured_media":1326,"comment_status":"open","ping_status":"closed","template":"","meta":[],"product_brand":[],"product_cat":[58],"product_tag":[57],"class_list":{"0":"post-1057","1":"product","2":"type-product","3":"status-publish","4":"has-post-thumbnail","6":"product_cat-aderma","7":"product_tag-400ml","9":"first","10":"instock","11":"taxable","12":"shipping-taxable","13":"purchasable","14":"product-type-simple"},"yoast_head":"<!-- This site is optimized with the Yoast SEO plugin v27.3 - https:\/\/yoast.com\/product\/yoast-seo-wordpress\/ -->\n<title>Aderma exomega control leche corporal emoliente - Farmacia R. Boyra<\/title>\n<meta name=\"robots\" content=\"index, follow, max-snippet:-1, max-image-preview:large, max-video-preview:-1\" \/>\n<link rel=\"canonical\" href=\"https:\/\/tienda.farmaciarboyra.com\/eu\/produktua\/aderma-exomega-control-leche-corporal-emoliente\/\" \/>\n<meta property=\"og:locale\" content=\"en_US\" \/>\n<meta property=\"og:type\" content=\"article\" \/>\n<meta property=\"og:title\" content=\"Aderma exomega control leche corporal emoliente - Farmacia R. Boyra\" \/>\n<meta property=\"og:description\" content=\"Aderma Exomega Control Leche Corporal Emoliente\" \/>\n<meta property=\"og:url\" content=\"https:\/\/tienda.farmaciarboyra.com\/eu\/produktua\/aderma-exomega-control-leche-corporal-emoliente\/\" \/>\n<meta property=\"og:site_name\" content=\"Farmacia R. Boyra\" \/>\n<meta property=\"article:modified_time\" content=\"2025-02-27T22:44:31+00:00\" \/>\n<meta property=\"og:image\" content=\"https:\/\/tienda.farmaciarboyra.com\/wp-content\/uploads\/2023\/11\/out-1.webp\" \/>\n\t<meta property=\"og:image:width\" content=\"400\" \/>\n\t<meta property=\"og:image:height\" content=\"400\" \/>\n\t<meta property=\"og:image:type\" content=\"image\/webp\" \/>\n<meta name=\"twitter:card\" content=\"summary_large_image\" \/>\n<meta name=\"twitter:label1\" content=\"Est. reading time\" \/>\n\t<meta name=\"twitter:data1\" content=\"1 minutua\" \/>\n<script type=\"application\/ld+json\" class=\"yoast-schema-graph\">{\"@context\":\"https:\\\/\\\/schema.org\",\"@graph\":[{\"@type\":\"WebPage\",\"@id\":\"https:\\\/\\\/tienda.farmaciarboyra.com\\\/producto\\\/aderma-exomega-control-leche-corporal-emoliente\\\/\",\"url\":\"https:\\\/\\\/tienda.farmaciarboyra.com\\\/producto\\\/aderma-exomega-control-leche-corporal-emoliente\\\/\",\"name\":\"Aderma exomega control leche corporal emoliente - Farmacia R. Boyra\",\"isPartOf\":{\"@id\":\"https:\\\/\\\/tienda.farmaciarboyra.com\\\/#website\"},\"primaryImageOfPage\":{\"@id\":\"https:\\\/\\\/tienda.farmaciarboyra.com\\\/producto\\\/aderma-exomega-control-leche-corporal-emoliente\\\/#primaryimage\"},\"image\":{\"@id\":\"https:\\\/\\\/tienda.farmaciarboyra.com\\\/producto\\\/aderma-exomega-control-leche-corporal-emoliente\\\/#primaryimage\"},\"thumbnailUrl\":\"https:\\\/\\\/tienda.farmaciarboyra.com\\\/wp-content\\\/uploads\\\/2023\\\/11\\\/out-1.webp\",\"datePublished\":\"2023-11-16T08:17:37+00:00\",\"dateModified\":\"2025-02-27T22:44:31+00:00\",\"breadcrumb\":{\"@id\":\"https:\\\/\\\/tienda.farmaciarboyra.com\\\/producto\\\/aderma-exomega-control-leche-corporal-emoliente\\\/#breadcrumb\"},\"inLanguage\":\"eu\",\"potentialAction\":[{\"@type\":\"ReadAction\",\"target\":[\"https:\\\/\\\/tienda.farmaciarboyra.com\\\/producto\\\/aderma-exomega-control-leche-corporal-emoliente\\\/\"]}]},{\"@type\":\"ImageObject\",\"inLanguage\":\"eu\",\"@id\":\"https:\\\/\\\/tienda.farmaciarboyra.com\\\/producto\\\/aderma-exomega-control-leche-corporal-emoliente\\\/#primaryimage\",\"url\":\"https:\\\/\\\/tienda.farmaciarboyra.com\\\/wp-content\\\/uploads\\\/2023\\\/11\\\/out-1.webp\",\"contentUrl\":\"https:\\\/\\\/tienda.farmaciarboyra.com\\\/wp-content\\\/uploads\\\/2023\\\/11\\\/out-1.webp\",\"width\":400,\"height\":400},{\"@type\":\"BreadcrumbList\",\"@id\":\"https:\\\/\\\/tienda.farmaciarboyra.com\\\/producto\\\/aderma-exomega-control-leche-corporal-emoliente\\\/#breadcrumb\",\"itemListElement\":[{\"@type\":\"ListItem\",\"position\":1,\"name\":\"Portada\",\"item\":\"https:\\\/\\\/tienda.farmaciarboyra.com\\\/\"},{\"@type\":\"ListItem\",\"position\":2,\"name\":\"Tienda\",\"item\":\"https:\\\/\\\/tienda.farmaciarboyra.com\\\/tienda\\\/\"},{\"@type\":\"ListItem\",\"position\":3,\"name\":\"Aderma exomega control leche corporal emoliente\"}]},{\"@type\":\"WebSite\",\"@id\":\"https:\\\/\\\/tienda.farmaciarboyra.com\\\/#website\",\"url\":\"https:\\\/\\\/tienda.farmaciarboyra.com\\\/\",\"name\":\"Farmacia R. Boyra\",\"description\":\"Tienda on line de farmacia\",\"publisher\":{\"@id\":\"https:\\\/\\\/tienda.farmaciarboyra.com\\\/#organization\"},\"potentialAction\":[{\"@type\":\"SearchAction\",\"target\":{\"@type\":\"EntryPoint\",\"urlTemplate\":\"https:\\\/\\\/tienda.farmaciarboyra.com\\\/?s={search_term_string}\"},\"query-input\":{\"@type\":\"PropertyValueSpecification\",\"valueRequired\":true,\"valueName\":\"search_term_string\"}}],\"inLanguage\":\"eu\"},{\"@type\":\"Organization\",\"@id\":\"https:\\\/\\\/tienda.farmaciarboyra.com\\\/#organization\",\"name\":\"Farmacia R. Boyra\",\"url\":\"https:\\\/\\\/tienda.farmaciarboyra.com\\\/\",\"logo\":{\"@type\":\"ImageObject\",\"inLanguage\":\"eu\",\"@id\":\"https:\\\/\\\/tienda.farmaciarboyra.com\\\/#\\\/schema\\\/logo\\\/image\\\/\",\"url\":\"https:\\\/\\\/tienda.farmaciarboyra.com\\\/wp-content\\\/uploads\\\/2023\\\/10\\\/color-sin-fondo-Farmacia-R.-Boyra-e1703070787621.png\",\"contentUrl\":\"https:\\\/\\\/tienda.farmaciarboyra.com\\\/wp-content\\\/uploads\\\/2023\\\/10\\\/color-sin-fondo-Farmacia-R.-Boyra-e1703070787621.png\",\"width\":200,\"height\":200,\"caption\":\"Farmacia R. Boyra\"},\"image\":{\"@id\":\"https:\\\/\\\/tienda.farmaciarboyra.com\\\/#\\\/schema\\\/logo\\\/image\\\/\"}}]}<\/script>\n<!-- \/ Yoast SEO plugin. -->","yoast_head_json":{"title":"Aderma exomega control leche corporal emoliente - Farmacia R. Boyra","robots":{"index":"index","follow":"follow","max-snippet":"max-snippet:-1","max-image-preview":"max-image-preview:large","max-video-preview":"max-video-preview:-1"},"canonical":"https:\/\/tienda.farmaciarboyra.com\/eu\/produktua\/aderma-exomega-control-leche-corporal-emoliente\/","og_locale":"en_US","og_type":"article","og_title":"Aderma exomega control leche corporal emoliente - Farmacia R. Boyra","og_description":"Aderma Exomega Control Leche Corporal Emoliente","og_url":"https:\/\/tienda.farmaciarboyra.com\/eu\/produktua\/aderma-exomega-control-leche-corporal-emoliente\/","og_site_name":"Farmacia R. Boyra","article_modified_time":"2025-02-27T22:44:31+00:00","og_image":[{"width":400,"height":400,"url":"https:\/\/tienda.farmaciarboyra.com\/wp-content\/uploads\/2023\/11\/out-1.webp","type":"image\/webp"}],"twitter_card":"summary_large_image","twitter_misc":{"Est. reading time":"1 minutua"},"schema":{"@context":"https:\/\/schema.org","@graph":[{"@type":"WebPage","@id":"https:\/\/tienda.farmaciarboyra.com\/producto\/aderma-exomega-control-leche-corporal-emoliente\/","url":"https:\/\/tienda.farmaciarboyra.com\/producto\/aderma-exomega-control-leche-corporal-emoliente\/","name":"Aderma exomega control leche corporal emoliente - Farmacia R. Boyra","isPartOf":{"@id":"https:\/\/tienda.farmaciarboyra.com\/#website"},"primaryImageOfPage":{"@id":"https:\/\/tienda.farmaciarboyra.com\/producto\/aderma-exomega-control-leche-corporal-emoliente\/#primaryimage"},"image":{"@id":"https:\/\/tienda.farmaciarboyra.com\/producto\/aderma-exomega-control-leche-corporal-emoliente\/#primaryimage"},"thumbnailUrl":"https:\/\/tienda.farmaciarboyra.com\/wp-content\/uploads\/2023\/11\/out-1.webp","datePublished":"2023-11-16T08:17:37+00:00","dateModified":"2025-02-27T22:44:31+00:00","breadcrumb":{"@id":"https:\/\/tienda.farmaciarboyra.com\/producto\/aderma-exomega-control-leche-corporal-emoliente\/#breadcrumb"},"inLanguage":"eu","potentialAction":[{"@type":"ReadAction","target":["https:\/\/tienda.farmaciarboyra.com\/producto\/aderma-exomega-control-leche-corporal-emoliente\/"]}]},{"@type":"ImageObject","inLanguage":"eu","@id":"https:\/\/tienda.farmaciarboyra.com\/producto\/aderma-exomega-control-leche-corporal-emoliente\/#primaryimage","url":"https:\/\/tienda.farmaciarboyra.com\/wp-content\/uploads\/2023\/11\/out-1.webp","contentUrl":"https:\/\/tienda.farmaciarboyra.com\/wp-content\/uploads\/2023\/11\/out-1.webp","width":400,"height":400},{"@type":"BreadcrumbList","@id":"https:\/\/tienda.farmaciarboyra.com\/producto\/aderma-exomega-control-leche-corporal-emoliente\/#breadcrumb","itemListElement":[{"@type":"ListItem","position":1,"name":"Portada","item":"https:\/\/tienda.farmaciarboyra.com\/"},{"@type":"ListItem","position":2,"name":"Tienda","item":"https:\/\/tienda.farmaciarboyra.com\/tienda\/"},{"@type":"ListItem","position":3,"name":"Aderma exomega control leche corporal emoliente"}]},{"@type":"WebSite","@id":"https:\/\/tienda.farmaciarboyra.com\/#website","url":"https:\/\/tienda.farmaciarboyra.com\/","name":"Farmacia R. Boyra","description":"Tienda on line de farmacia","publisher":{"@id":"https:\/\/tienda.farmaciarboyra.com\/#organization"},"potentialAction":[{"@type":"SearchAction","target":{"@type":"EntryPoint","urlTemplate":"https:\/\/tienda.farmaciarboyra.com\/?s={search_term_string}"},"query-input":{"@type":"PropertyValueSpecification","valueRequired":true,"valueName":"search_term_string"}}],"inLanguage":"eu"},{"@type":"Organization","@id":"https:\/\/tienda.farmaciarboyra.com\/#organization","name":"Farmacia R. Boyra","url":"https:\/\/tienda.farmaciarboyra.com\/","logo":{"@type":"ImageObject","inLanguage":"eu","@id":"https:\/\/tienda.farmaciarboyra.com\/#\/schema\/logo\/image\/","url":"https:\/\/tienda.farmaciarboyra.com\/wp-content\/uploads\/2023\/10\/color-sin-fondo-Farmacia-R.-Boyra-e1703070787621.png","contentUrl":"https:\/\/tienda.farmaciarboyra.com\/wp-content\/uploads\/2023\/10\/color-sin-fondo-Farmacia-R.-Boyra-e1703070787621.png","width":200,"height":200,"caption":"Farmacia R. Boyra"},"image":{"@id":"https:\/\/tienda.farmaciarboyra.com\/#\/schema\/logo\/image\/"}}]}},"jetpack_sharing_enabled":true,"_links":{"self":[{"href":"https:\/\/tienda.farmaciarboyra.com\/eu\/wp-json\/wp\/v2\/product\/1057","targetHints":{"allow":["GET"]}}],"collection":[{"href":"https:\/\/tienda.farmaciarboyra.com\/eu\/wp-json\/wp\/v2\/product"}],"about":[{"href":"https:\/\/tienda.farmaciarboyra.com\/eu\/wp-json\/wp\/v2\/types\/product"}],"replies":[{"embeddable":true,"href":"https:\/\/tienda.farmaciarboyra.com\/eu\/wp-json\/wp\/v2\/comments?post=1057"}],"wp:featuredmedia":[{"embeddable":true,"href":"https:\/\/tienda.farmaciarboyra.com\/eu\/wp-json\/wp\/v2\/media\/1326"}],"wp:attachment":[{"href":"https:\/\/tienda.farmaciarboyra.com\/eu\/wp-json\/wp\/v2\/media?parent=1057"}],"wp:term":[{"taxonomy":"product_brand","embeddable":true,"href":"https:\/\/tienda.farmaciarboyra.com\/eu\/wp-json\/wp\/v2\/product_brand?post=1057"},{"taxonomy":"product_cat","embeddable":true,"href":"https:\/\/tienda.farmaciarboyra.com\/eu\/wp-json\/wp\/v2\/product_cat?post=1057"},{"taxonomy":"product_tag","embeddable":true,"href":"https:\/\/tienda.farmaciarboyra.com\/eu\/wp-json\/wp\/v2\/product_tag?post=1057"}],"curies":[{"name":"wp","href":"https:\/\/api.w.org\/{rel}","templated":true}]}}