{"id":1268,"date":"2023-11-16T16:21:44","date_gmt":"2023-11-16T16:21:44","guid":{"rendered":"https:\/\/web4.rkinformatika.net\/tienda.farmaciarboyra\/?page_id=1268"},"modified":"2023-12-19T14:33:49","modified_gmt":"2023-12-19T14:33:49","slug":"politica-de-reembolso-y-devoluciones","status":"publish","type":"page","link":"https:\/\/tienda.farmaciarboyra.com\/eu\/politica-de-reembolso-y-devoluciones\/","title":{"rendered":"Errenboltso-politika eta itzulketak"},"content":{"rendered":"<div data-elementor-type=\"wp-page\" data-elementor-id=\"1268\" class=\"elementor elementor-1268\" data-elementor-post-type=\"page\">\n\t\t\t\t<div class=\"elementor-element elementor-element-64a24458 e-flex e-con-boxed e-con e-parent\" data-id=\"64a24458\" data-element_type=\"container\" data-e-type=\"container\">\n\t\t\t\t\t<div class=\"e-con-inner\">\n\t\t\t\t<div class=\"elementor-element elementor-element-3dfc0128 elementor-widget elementor-widget-text-editor\" data-id=\"3dfc0128\" data-element_type=\"widget\" data-e-type=\"widget\" data-widget_type=\"text-editor.default\">\n\t\t\t\t<div class=\"elementor-widget-container\">\n\t\t\t\t\t\t\t\t\t\n<h1 class=\"western\"><span style=\"color: #666666;\"><span style=\"font-family: Roboto, serif;\"><span style=\"font-size: xx-large;\">Errenboltso-politika eta itzulketak<\/span><\/span><\/span><\/h1>\n<p>En Farmacia Roberto Boyra nos esforzamos por proporcionar el mejor servicio personalizado posible. Si no est\u00e1 satisfecho por la compra, no dude\u00a0 en ponerse en contacto con nosotros y estaremos encantados de ayudarle. Para ello ll\u00e1menos al tel\u00e9fono +34 946 25 11 76 o escr\u00edbanos al mail <a href=\"mailto:info@farmaciarboyra.com\">info@farmaciarboyra.com<\/a> y solicite la devoluci\u00f3n o cambio del producto o productos que desee, indic\u00e1ndonos su nombre y n\u00famero de pedido. Toda devoluci\u00f3n debe de ser autorizada por la farmacia.<\/p>\n<p>\u00a0<\/p>\n<p>Dispone de 30 d\u00edas desde la fecha en que se realiza el pedido y figura el ticket de compra para realizar cualquier devoluci\u00f3n.<\/p>\n<p>\u00a0<\/p>\n<p>Nosotros le facilitaremos el servicio de transporte a la direcci\u00f3n que usted nos indique. Si el motivo de la devoluci\u00f3n es por un error en la gesti\u00f3n de la farmacia, el cliente no tendr\u00e1 que abonar nada. En cualquier otro caso, el comprador se har\u00e1 cargo de los gastos de env\u00edo.<\/p>\n<p>\u00a0<\/p>\n<p>Deber\u00e1 enviar el art\u00edculo o los art\u00edculos en el embalaje original en el que fue entregado por la agencia de transportes. Una vez recepcionado, comprobaremos que los art\u00edculos devueltos se corresponden con los enviados en el pedido, y adem\u00e1s, que se encuentren en perfectas condiciones de uso, completos, en su embalaje original y sin indicios de haber sido usados.<\/p>\n<p>\u00a0<\/p>\n<p>S\u00f3lo se aceptar\u00e1n cambios de los productos en los casos de error en la gesti\u00f3n de la farmacia. En el resto de casos, se realizar\u00e1 el reembolso del importe del pedido descontando los gastos de env\u00edo.<\/p>\n<p>\u00a0<\/p>\n<p>\u00a0<\/p>\n<p>Si la anulaci\u00f3n del pedido llega antes de proceder al env\u00edo de los productos, el reembolso ser\u00e1 del total del importe del pedido.<\/p>\n<p>\u00a0<\/p>\n<p>En caso de que la agencia de transportes nos retorne el pedido porque transcurren el m\u00e1ximo de d\u00edas que puede estar retenido el paquete en la agencia de destino desde que el pedido sale de nuestras instalaciones sin haber sido entregado ni recogido o porque el destinatario no acepta el env\u00edo pese a haberlo abonado inicialmente, se le descontar\u00e1n del importe del reembolso los gastos de env\u00edo.<\/p>\n<p class=\"western\" align=\"left\">\u00a0<\/p>\n\t\t\t\t\t\t\t\t<\/div>\n\t\t\t\t<\/div>\n\t\t\t\t\t<\/div>\n\t\t\t\t<\/div>\n\t\t\t\t<\/div>","protected":false},"excerpt":{"rendered":"<p>Pol\u00edtica de reembolso y devoluciones En Farmacia Roberto Boyra nos esforzamos por proporcionar el mejor servicio personalizado posible. Si no est\u00e1 satisfecho por la compra, no dude\u00a0 en ponerse en contacto con nosotros y estaremos encantados de ayudarle. Para ello ll\u00e1menos al tel\u00e9fono +34 946 25 11 76 o escr\u00edbanos al mail info@farmaciarboyra.com y solicite [&hellip;]<\/p>\n","protected":false},"author":1,"featured_media":7,"parent":0,"menu_order":0,"comment_status":"closed","ping_status":"closed","template":"elementor_canvas","meta":{"footnotes":""},"class_list":["post-1268","page","type-page","status-publish","has-post-thumbnail","hentry"],"yoast_head":"<!-- This site is optimized with the Yoast SEO plugin v27.3 - https:\/\/yoast.com\/product\/yoast-seo-wordpress\/ -->\n<title>Pol\u00edtica de reembolso y devoluciones - Farmacia R. Boyra<\/title>\n<meta name=\"robots\" content=\"index, follow, max-snippet:-1, max-image-preview:large, max-video-preview:-1\" \/>\n<link rel=\"canonical\" href=\"https:\/\/tienda.farmaciarboyra.com\/eu\/politica-de-reembolso-y-devoluciones\/\" \/>\n<meta property=\"og:locale\" content=\"en_US\" \/>\n<meta property=\"og:type\" content=\"article\" \/>\n<meta property=\"og:title\" content=\"Pol\u00edtica de reembolso y devoluciones - Farmacia R. Boyra\" \/>\n<meta property=\"og:description\" content=\"Pol\u00edtica de reembolso y devoluciones En Farmacia Roberto Boyra nos esforzamos por proporcionar el mejor servicio personalizado posible. Si no est\u00e1 satisfecho por la compra, no dude\u00a0 en ponerse en contacto con nosotros y estaremos encantados de ayudarle. Para ello ll\u00e1menos al tel\u00e9fono +34 946 25 11 76 o escr\u00edbanos al mail info@farmaciarboyra.com y solicite [&hellip;]\" \/>\n<meta property=\"og:url\" content=\"https:\/\/tienda.farmaciarboyra.com\/eu\/politica-de-reembolso-y-devoluciones\/\" \/>\n<meta property=\"og:site_name\" content=\"Farmacia R. Boyra\" \/>\n<meta property=\"article:modified_time\" content=\"2023-12-19T14:33:49+00:00\" \/>\n<meta property=\"og:image\" content=\"https:\/\/tienda.farmaciarboyra.com\/wp-content\/uploads\/2023\/10\/color-sin-fondo-Farmacia-R.-Boyra.png\" \/>\n\t<meta property=\"og:image:width\" content=\"4500\" \/>\n\t<meta property=\"og:image:height\" content=\"4500\" \/>\n\t<meta property=\"og:image:type\" content=\"image\/png\" \/>\n<meta name=\"twitter:card\" content=\"summary_large_image\" \/>\n<meta name=\"twitter:label1\" content=\"Est. reading time\" \/>\n\t<meta name=\"twitter:data1\" content=\"1 minutua\" \/>\n<script type=\"application\/ld+json\" class=\"yoast-schema-graph\">{\"@context\":\"https:\\\/\\\/schema.org\",\"@graph\":[{\"@type\":\"WebPage\",\"@id\":\"https:\\\/\\\/tienda.farmaciarboyra.com\\\/politica-de-reembolso-y-devoluciones\\\/\",\"url\":\"https:\\\/\\\/tienda.farmaciarboyra.com\\\/politica-de-reembolso-y-devoluciones\\\/\",\"name\":\"Pol\u00edtica de reembolso y devoluciones - Farmacia R. Boyra\",\"isPartOf\":{\"@id\":\"https:\\\/\\\/tienda.farmaciarboyra.com\\\/#website\"},\"primaryImageOfPage\":{\"@id\":\"https:\\\/\\\/tienda.farmaciarboyra.com\\\/politica-de-reembolso-y-devoluciones\\\/#primaryimage\"},\"image\":{\"@id\":\"https:\\\/\\\/tienda.farmaciarboyra.com\\\/politica-de-reembolso-y-devoluciones\\\/#primaryimage\"},\"thumbnailUrl\":\"https:\\\/\\\/tienda.farmaciarboyra.com\\\/wp-content\\\/uploads\\\/2023\\\/10\\\/color-sin-fondo-Farmacia-R.-Boyra-e1703070787621.png\",\"datePublished\":\"2023-11-16T16:21:44+00:00\",\"dateModified\":\"2023-12-19T14:33:49+00:00\",\"breadcrumb\":{\"@id\":\"https:\\\/\\\/tienda.farmaciarboyra.com\\\/politica-de-reembolso-y-devoluciones\\\/#breadcrumb\"},\"inLanguage\":\"eu\",\"potentialAction\":[{\"@type\":\"ReadAction\",\"target\":[\"https:\\\/\\\/tienda.farmaciarboyra.com\\\/politica-de-reembolso-y-devoluciones\\\/\"]}]},{\"@type\":\"ImageObject\",\"inLanguage\":\"eu\",\"@id\":\"https:\\\/\\\/tienda.farmaciarboyra.com\\\/politica-de-reembolso-y-devoluciones\\\/#primaryimage\",\"url\":\"https:\\\/\\\/tienda.farmaciarboyra.com\\\/wp-content\\\/uploads\\\/2023\\\/10\\\/color-sin-fondo-Farmacia-R.-Boyra-e1703070787621.png\",\"contentUrl\":\"https:\\\/\\\/tienda.farmaciarboyra.com\\\/wp-content\\\/uploads\\\/2023\\\/10\\\/color-sin-fondo-Farmacia-R.-Boyra-e1703070787621.png\",\"width\":200,\"height\":200},{\"@type\":\"BreadcrumbList\",\"@id\":\"https:\\\/\\\/tienda.farmaciarboyra.com\\\/politica-de-reembolso-y-devoluciones\\\/#breadcrumb\",\"itemListElement\":[{\"@type\":\"ListItem\",\"position\":1,\"name\":\"Portada\",\"item\":\"https:\\\/\\\/tienda.farmaciarboyra.com\\\/\"},{\"@type\":\"ListItem\",\"position\":2,\"name\":\"Pol\u00edtica de reembolso y devoluciones\"}]},{\"@type\":\"WebSite\",\"@id\":\"https:\\\/\\\/tienda.farmaciarboyra.com\\\/#website\",\"url\":\"https:\\\/\\\/tienda.farmaciarboyra.com\\\/\",\"name\":\"Farmacia R. Boyra\",\"description\":\"Tienda on line de farmacia\",\"publisher\":{\"@id\":\"https:\\\/\\\/tienda.farmaciarboyra.com\\\/#organization\"},\"potentialAction\":[{\"@type\":\"SearchAction\",\"target\":{\"@type\":\"EntryPoint\",\"urlTemplate\":\"https:\\\/\\\/tienda.farmaciarboyra.com\\\/?s={search_term_string}\"},\"query-input\":{\"@type\":\"PropertyValueSpecification\",\"valueRequired\":true,\"valueName\":\"search_term_string\"}}],\"inLanguage\":\"eu\"},{\"@type\":\"Organization\",\"@id\":\"https:\\\/\\\/tienda.farmaciarboyra.com\\\/#organization\",\"name\":\"Farmacia R. Boyra\",\"url\":\"https:\\\/\\\/tienda.farmaciarboyra.com\\\/\",\"logo\":{\"@type\":\"ImageObject\",\"inLanguage\":\"eu\",\"@id\":\"https:\\\/\\\/tienda.farmaciarboyra.com\\\/#\\\/schema\\\/logo\\\/image\\\/\",\"url\":\"https:\\\/\\\/tienda.farmaciarboyra.com\\\/wp-content\\\/uploads\\\/2023\\\/10\\\/color-sin-fondo-Farmacia-R.-Boyra-e1703070787621.png\",\"contentUrl\":\"https:\\\/\\\/tienda.farmaciarboyra.com\\\/wp-content\\\/uploads\\\/2023\\\/10\\\/color-sin-fondo-Farmacia-R.-Boyra-e1703070787621.png\",\"width\":200,\"height\":200,\"caption\":\"Farmacia R. Boyra\"},\"image\":{\"@id\":\"https:\\\/\\\/tienda.farmaciarboyra.com\\\/#\\\/schema\\\/logo\\\/image\\\/\"}}]}<\/script>\n<!-- \/ Yoast SEO plugin. -->","yoast_head_json":{"title":"Pol\u00edtica de reembolso y devoluciones - Farmacia R. Boyra","robots":{"index":"index","follow":"follow","max-snippet":"max-snippet:-1","max-image-preview":"max-image-preview:large","max-video-preview":"max-video-preview:-1"},"canonical":"https:\/\/tienda.farmaciarboyra.com\/eu\/politica-de-reembolso-y-devoluciones\/","og_locale":"en_US","og_type":"article","og_title":"Pol\u00edtica de reembolso y devoluciones - Farmacia R. Boyra","og_description":"Pol\u00edtica de reembolso y devoluciones En Farmacia Roberto Boyra nos esforzamos por proporcionar el mejor servicio personalizado posible. Si no est\u00e1 satisfecho por la compra, no dude\u00a0 en ponerse en contacto con nosotros y estaremos encantados de ayudarle. Para ello ll\u00e1menos al tel\u00e9fono +34 946 25 11 76 o escr\u00edbanos al mail info@farmaciarboyra.com y solicite [&hellip;]","og_url":"https:\/\/tienda.farmaciarboyra.com\/eu\/politica-de-reembolso-y-devoluciones\/","og_site_name":"Farmacia R. Boyra","article_modified_time":"2023-12-19T14:33:49+00:00","og_image":[{"width":4500,"height":4500,"url":"https:\/\/tienda.farmaciarboyra.com\/wp-content\/uploads\/2023\/10\/color-sin-fondo-Farmacia-R.-Boyra.png","type":"image\/png"}],"twitter_card":"summary_large_image","twitter_misc":{"Est. reading time":"1 minutua"},"schema":{"@context":"https:\/\/schema.org","@graph":[{"@type":"WebPage","@id":"https:\/\/tienda.farmaciarboyra.com\/politica-de-reembolso-y-devoluciones\/","url":"https:\/\/tienda.farmaciarboyra.com\/politica-de-reembolso-y-devoluciones\/","name":"Pol\u00edtica de reembolso y devoluciones - Farmacia R. Boyra","isPartOf":{"@id":"https:\/\/tienda.farmaciarboyra.com\/#website"},"primaryImageOfPage":{"@id":"https:\/\/tienda.farmaciarboyra.com\/politica-de-reembolso-y-devoluciones\/#primaryimage"},"image":{"@id":"https:\/\/tienda.farmaciarboyra.com\/politica-de-reembolso-y-devoluciones\/#primaryimage"},"thumbnailUrl":"https:\/\/tienda.farmaciarboyra.com\/wp-content\/uploads\/2023\/10\/color-sin-fondo-Farmacia-R.-Boyra-e1703070787621.png","datePublished":"2023-11-16T16:21:44+00:00","dateModified":"2023-12-19T14:33:49+00:00","breadcrumb":{"@id":"https:\/\/tienda.farmaciarboyra.com\/politica-de-reembolso-y-devoluciones\/#breadcrumb"},"inLanguage":"eu","potentialAction":[{"@type":"ReadAction","target":["https:\/\/tienda.farmaciarboyra.com\/politica-de-reembolso-y-devoluciones\/"]}]},{"@type":"ImageObject","inLanguage":"eu","@id":"https:\/\/tienda.farmaciarboyra.com\/politica-de-reembolso-y-devoluciones\/#primaryimage","url":"https:\/\/tienda.farmaciarboyra.com\/wp-content\/uploads\/2023\/10\/color-sin-fondo-Farmacia-R.-Boyra-e1703070787621.png","contentUrl":"https:\/\/tienda.farmaciarboyra.com\/wp-content\/uploads\/2023\/10\/color-sin-fondo-Farmacia-R.-Boyra-e1703070787621.png","width":200,"height":200},{"@type":"BreadcrumbList","@id":"https:\/\/tienda.farmaciarboyra.com\/politica-de-reembolso-y-devoluciones\/#breadcrumb","itemListElement":[{"@type":"ListItem","position":1,"name":"Portada","item":"https:\/\/tienda.farmaciarboyra.com\/"},{"@type":"ListItem","position":2,"name":"Pol\u00edtica de reembolso y devoluciones"}]},{"@type":"WebSite","@id":"https:\/\/tienda.farmaciarboyra.com\/#website","url":"https:\/\/tienda.farmaciarboyra.com\/","name":"Farmacia R. Boyra","description":"Tienda on line de farmacia","publisher":{"@id":"https:\/\/tienda.farmaciarboyra.com\/#organization"},"potentialAction":[{"@type":"SearchAction","target":{"@type":"EntryPoint","urlTemplate":"https:\/\/tienda.farmaciarboyra.com\/?s={search_term_string}"},"query-input":{"@type":"PropertyValueSpecification","valueRequired":true,"valueName":"search_term_string"}}],"inLanguage":"eu"},{"@type":"Organization","@id":"https:\/\/tienda.farmaciarboyra.com\/#organization","name":"Farmacia R. Boyra","url":"https:\/\/tienda.farmaciarboyra.com\/","logo":{"@type":"ImageObject","inLanguage":"eu","@id":"https:\/\/tienda.farmaciarboyra.com\/#\/schema\/logo\/image\/","url":"https:\/\/tienda.farmaciarboyra.com\/wp-content\/uploads\/2023\/10\/color-sin-fondo-Farmacia-R.-Boyra-e1703070787621.png","contentUrl":"https:\/\/tienda.farmaciarboyra.com\/wp-content\/uploads\/2023\/10\/color-sin-fondo-Farmacia-R.-Boyra-e1703070787621.png","width":200,"height":200,"caption":"Farmacia R. Boyra"},"image":{"@id":"https:\/\/tienda.farmaciarboyra.com\/#\/schema\/logo\/image\/"}}]}},"jetpack_sharing_enabled":true,"_links":{"self":[{"href":"https:\/\/tienda.farmaciarboyra.com\/eu\/wp-json\/wp\/v2\/pages\/1268","targetHints":{"allow":["GET"]}}],"collection":[{"href":"https:\/\/tienda.farmaciarboyra.com\/eu\/wp-json\/wp\/v2\/pages"}],"about":[{"href":"https:\/\/tienda.farmaciarboyra.com\/eu\/wp-json\/wp\/v2\/types\/page"}],"author":[{"embeddable":true,"href":"https:\/\/tienda.farmaciarboyra.com\/eu\/wp-json\/wp\/v2\/users\/1"}],"replies":[{"embeddable":true,"href":"https:\/\/tienda.farmaciarboyra.com\/eu\/wp-json\/wp\/v2\/comments?post=1268"}],"version-history":[{"count":16,"href":"https:\/\/tienda.farmaciarboyra.com\/eu\/wp-json\/wp\/v2\/pages\/1268\/revisions"}],"predecessor-version":[{"id":1868,"href":"https:\/\/tienda.farmaciarboyra.com\/eu\/wp-json\/wp\/v2\/pages\/1268\/revisions\/1868"}],"wp:featuredmedia":[{"embeddable":true,"href":"https:\/\/tienda.farmaciarboyra.com\/eu\/wp-json\/wp\/v2\/media\/7"}],"wp:attachment":[{"href":"https:\/\/tienda.farmaciarboyra.com\/eu\/wp-json\/wp\/v2\/media?parent=1268"}],"curies":[{"name":"wp","href":"https:\/\/api.w.org\/{rel}","templated":true}]}}