{"id":1266,"date":"2023-11-16T16:20:50","date_gmt":"2023-11-16T16:20:50","guid":{"rendered":"https:\/\/web4.rkinformatika.net\/tienda.farmaciarboyra\/?page_id=1266"},"modified":"2023-11-16T16:34:45","modified_gmt":"2023-11-16T16:34:45","slug":"politica-de-envio","status":"publish","type":"page","link":"https:\/\/tienda.farmaciarboyra.com\/eu\/politica-de-envio\/","title":{"rendered":"Bidalketa-politikak"},"content":{"rendered":"<div data-elementor-type=\"wp-page\" data-elementor-id=\"1266\" class=\"elementor elementor-1266\" data-elementor-post-type=\"page\">\n\t\t\t\t<div class=\"elementor-element elementor-element-64a24458 e-flex e-con-boxed e-con e-parent\" data-id=\"64a24458\" data-element_type=\"container\" data-e-type=\"container\">\n\t\t\t\t\t<div class=\"e-con-inner\">\n\t\t\t\t<div class=\"elementor-element elementor-element-3dfc0128 elementor-widget elementor-widget-text-editor\" data-id=\"3dfc0128\" data-element_type=\"widget\" data-e-type=\"widget\" data-widget_type=\"text-editor.default\">\n\t\t\t\t<div class=\"elementor-widget-container\">\n\t\t\t\t\t\t\t\t\t\n<h1 class=\"western\" align=\"justify\"><strong><span style=\"color: #666666;\"><span style=\"font-family: apple-system, BlinkMacSystemFont, Segoe UI, Roboto, Helvetica Neue, Arial, Noto Sans, sans-serif, Apple Color Emoji, Segoe UI Emoji, Segoe UI Symbol, Noto Color Emoji;\"><b>Pol\u00edtica de env\u00edo<\/b><\/span><\/span><\/strong><\/h1>\n<p align=\"justify\"><span style=\"color: #6d6d6d;\"><span style=\"font-family: apple-system, BlinkMacSystemFont, Segoe UI, Roboto, Helvetica Neue, Arial, Noto Sans, sans-serif, Apple Color Emoji, Segoe UI Emoji, Segoe UI Symbol, Noto Color Emoji;\"><span style=\"font-size: x-large;\"><span style=\"font-size: 300%;\">T<\/span>odos los pedidos recibidos, con stock disponible y abonados antes de las 12:00 horas de lunes a viernes ser\u00e1n cursados el mismo d\u00eda. A partir de las 12:00 se tramitar\u00e1n el siguiente d\u00eda h\u00e1bil. Los pedidos con stock disponible tendr\u00e1n un env\u00edo 24 \u2013 48hrs.<\/span><\/span><\/span><\/p>\n<p align=\"justify\"><span style=\"color: #6d6d6d;\"><span style=\"font-family: apple-system, BlinkMacSystemFont, Segoe UI, Roboto, Helvetica Neue, Arial, Noto Sans, sans-serif, Apple Color Emoji, Segoe UI Emoji, Segoe UI Symbol, Noto Color Emoji;\"><span style=\"font-size: x-large;\"><br \/>El precio del env\u00edo incluye 2 intentos de entrega en el domicilio del cliente. El tercer intento y sucesivos correr\u00e1n a cargo del cliente. La empresa de transporte intentar\u00e1 ponerse en contacto con el tel\u00e9fono suministrado por el cliente.<\/span><\/span><\/span><\/p>\n<p align=\"justify\"><span style=\"color: #6d6d6d;\"><span style=\"font-family: apple-system, BlinkMacSystemFont, Segoe UI, Roboto, Helvetica Neue, Arial, Noto Sans, sans-serif, Apple Color Emoji, Segoe UI Emoji, Segoe UI Symbol, Noto Color Emoji;\"><span style=\"font-size: x-large;\"><br \/>No hay confirmado preaviso telef\u00f3nico previo al env\u00edo, por lo que por favor, indique una direcci\u00f3n de entrega donde haya gente de manera habitual, por ejemplo su lugar de trabajo. De esta manera se evitan muchos retrasos y gestiones posteriores.<\/span><\/span><\/span><\/p>\n<p align=\"justify\"><span style=\"color: #6d6d6d;\"><span style=\"font-family: apple-system, BlinkMacSystemFont, Segoe UI, Roboto, Helvetica Neue, Arial, Noto Sans, sans-serif, Apple Color Emoji, Segoe UI Emoji, Segoe UI Symbol, Noto Color Emoji;\"><span style=\"font-size: x-large;\"><br \/>En los env\u00edos a las Canarias, Ceuta y Melilla, \u00e9stos pueden ver incrementado su coste por impuestos locales como es el caso de IGIC y que correr\u00e1n por cuenta del comprador.<br \/>No se servir\u00e1n pedidos en Apartados de Correos.<\/span><\/span><\/span><\/p>\n<p align=\"justify\"><span style=\"color: #6d6d6d;\"><span style=\"font-family: apple-system, BlinkMacSystemFont, Segoe UI, Roboto, Helvetica Neue, Arial, Noto Sans, sans-serif, Apple Color Emoji, Segoe UI Emoji, Segoe UI Symbol, Noto Color Emoji;\"><span style=\"font-size: x-large;\"><br \/>A cada producto ser\u00e1n aplicables las Condiciones de entrega establecidas en su caso. El usuario deber\u00e1 tener en cuenta dichas Condiciones.<\/span><\/span><\/span><\/p>\n<p align=\"justify\"><span style=\"color: #333333;\"><span style=\"font-family: apple-system, BlinkMacSystemFont, Segoe UI, Roboto, Helvetica Neue, Arial, Noto Sans, sans-serif, Apple Color Emoji, Segoe UI Emoji, Segoe UI Symbol, Noto Color Emoji;\"><span style=\"font-size: medium;\"><span style=\"color: #6d6d6d;\"><span style=\"font-size: x-large;\"><br \/>Para cualquier cuesti\u00f3n relacionada con la entrega o las condiciones del producto, el usuario deber\u00e1 contactar con Atenci\u00f3n al Cliente de\u00a0<\/span><\/span><span style=\"color: #6d6d6d;\"><span style=\"font-family: Roboto, Arial, sans-serif;\"><span style=\"font-size: x-large;\"><b>Farmacia R. Boyra<\/b><\/span><\/span><\/span><span style=\"color: #6d6d6d;\"><span style=\"font-size: x-large;\">, enviando un correo electr\u00f3nico a\u00a0<\/span><\/span><span style=\"color: #6d6d6d;\"><span style=\"font-family: Roboto, Arial, sans-serif;\"><span style=\"font-size: x-large;\"><b>farmaciarboyra@gmail.com<\/b><\/span><\/span><\/span><span style=\"color: #6d6d6d;\"><span style=\"font-size: x-large;\">, que ser\u00e1 respondido a la mayor brevedad.<\/span><\/span><\/span><\/span><\/span><\/p>\n<p align=\"justify\"><span style=\"color: #6d6d6d;\"><span style=\"font-family: apple-system, BlinkMacSystemFont, Segoe UI, Roboto, Helvetica Neue, Arial, Noto Sans, sans-serif, Apple Color Emoji, Segoe UI Emoji, Segoe UI Symbol, Noto Color Emoji;\"><span style=\"font-size: x-large;\"><br \/>Los pedidos no se entregan los fines de semana, ni los d\u00edas festivos. Estos d\u00edas, as\u00ed como los afectados por huelga de transportistas o suministradores, no se computar\u00e1n a efectos de plazos de entrega.<\/span><\/span><\/span><\/p>\n<p align=\"justify\"><span style=\"color: #333333;\"><span style=\"font-family: apple-system, BlinkMacSystemFont, Segoe UI, Roboto, Helvetica Neue, Arial, Noto Sans, sans-serif, Apple Color Emoji, Segoe UI Emoji, Segoe UI Symbol, Noto Color Emoji;\"><span style=\"font-size: medium;\"><span style=\"color: #6d6d6d;\"><span style=\"font-size: x-large;\"><br \/>Tanto las oficinas de\u00a0<\/span><\/span><span style=\"color: #6d6d6d;\"><span style=\"font-family: Roboto, Arial, sans-serif;\"><span style=\"font-size: x-large;\"><b>Farmacia R. Boyra<\/b><\/span><\/span><\/span><span style=\"color: #6d6d6d;\"><span style=\"font-size: large;\"><b>\u00a0<\/b><\/span><\/span><span style=\"color: #6d6d6d;\"><span style=\"font-size: x-large;\">como los almacenes de la empresa log\u00edstica est\u00e1n sujetas a las fiestas oficiales de la Comunidad de Pa\u00eds Vasco, no dando servicio en dichos d\u00edas.<\/span><\/span><\/span><\/span><\/span><\/p>\n\t\t\t\t\t\t\t\t<\/div>\n\t\t\t\t<\/div>\n\t\t\t\t\t<\/div>\n\t\t\t\t<\/div>\n\t\t\t\t<\/div>","protected":false},"excerpt":{"rendered":"<p>Pol\u00edtica de env\u00edo Todos los pedidos recibidos, con stock disponible y abonados antes de las 12:00 horas de lunes a viernes ser\u00e1n cursados el mismo d\u00eda. A partir de las 12:00 se tramitar\u00e1n el siguiente d\u00eda h\u00e1bil. Los pedidos con stock disponible tendr\u00e1n un env\u00edo 24 \u2013 48hrs. El precio del env\u00edo incluye 2 intentos [&hellip;]<\/p>\n","protected":false},"author":1,"featured_media":7,"parent":0,"menu_order":0,"comment_status":"closed","ping_status":"closed","template":"elementor_canvas","meta":{"footnotes":""},"class_list":["post-1266","page","type-page","status-publish","has-post-thumbnail","hentry"],"yoast_head":"<!-- This site is optimized with the Yoast SEO plugin v27.3 - https:\/\/yoast.com\/product\/yoast-seo-wordpress\/ -->\n<title>Pol\u00edticas de env\u00edo - Farmacia R. Boyra<\/title>\n<meta name=\"robots\" content=\"index, follow, max-snippet:-1, max-image-preview:large, max-video-preview:-1\" \/>\n<link rel=\"canonical\" href=\"https:\/\/tienda.farmaciarboyra.com\/eu\/politica-de-envio\/\" \/>\n<meta property=\"og:locale\" content=\"en_US\" \/>\n<meta property=\"og:type\" content=\"article\" \/>\n<meta property=\"og:title\" content=\"Pol\u00edticas de env\u00edo - Farmacia R. Boyra\" \/>\n<meta property=\"og:description\" content=\"Pol\u00edtica de env\u00edo Todos los pedidos recibidos, con stock disponible y abonados antes de las 12:00 horas de lunes a viernes ser\u00e1n cursados el mismo d\u00eda. A partir de las 12:00 se tramitar\u00e1n el siguiente d\u00eda h\u00e1bil. Los pedidos con stock disponible tendr\u00e1n un env\u00edo 24 \u2013 48hrs. El precio del env\u00edo incluye 2 intentos [&hellip;]\" \/>\n<meta property=\"og:url\" content=\"https:\/\/tienda.farmaciarboyra.com\/eu\/politica-de-envio\/\" \/>\n<meta property=\"og:site_name\" content=\"Farmacia R. Boyra\" \/>\n<meta property=\"article:modified_time\" content=\"2023-11-16T16:34:45+00:00\" \/>\n<meta property=\"og:image\" content=\"https:\/\/tienda.farmaciarboyra.com\/wp-content\/uploads\/2023\/10\/color-sin-fondo-Farmacia-R.-Boyra.png\" \/>\n\t<meta property=\"og:image:width\" content=\"4500\" \/>\n\t<meta property=\"og:image:height\" content=\"4500\" \/>\n\t<meta property=\"og:image:type\" content=\"image\/png\" \/>\n<meta name=\"twitter:card\" content=\"summary_large_image\" \/>\n<meta name=\"twitter:label1\" content=\"Est. reading time\" \/>\n\t<meta name=\"twitter:data1\" content=\"2 minutua\" \/>\n<script type=\"application\/ld+json\" class=\"yoast-schema-graph\">{\"@context\":\"https:\\\/\\\/schema.org\",\"@graph\":[{\"@type\":\"WebPage\",\"@id\":\"https:\\\/\\\/tienda.farmaciarboyra.com\\\/politica-de-envio\\\/\",\"url\":\"https:\\\/\\\/tienda.farmaciarboyra.com\\\/politica-de-envio\\\/\",\"name\":\"Pol\u00edticas de env\u00edo - Farmacia R. Boyra\",\"isPartOf\":{\"@id\":\"https:\\\/\\\/tienda.farmaciarboyra.com\\\/#website\"},\"primaryImageOfPage\":{\"@id\":\"https:\\\/\\\/tienda.farmaciarboyra.com\\\/politica-de-envio\\\/#primaryimage\"},\"image\":{\"@id\":\"https:\\\/\\\/tienda.farmaciarboyra.com\\\/politica-de-envio\\\/#primaryimage\"},\"thumbnailUrl\":\"https:\\\/\\\/tienda.farmaciarboyra.com\\\/wp-content\\\/uploads\\\/2023\\\/10\\\/color-sin-fondo-Farmacia-R.-Boyra-e1703070787621.png\",\"datePublished\":\"2023-11-16T16:20:50+00:00\",\"dateModified\":\"2023-11-16T16:34:45+00:00\",\"breadcrumb\":{\"@id\":\"https:\\\/\\\/tienda.farmaciarboyra.com\\\/politica-de-envio\\\/#breadcrumb\"},\"inLanguage\":\"eu\",\"potentialAction\":[{\"@type\":\"ReadAction\",\"target\":[\"https:\\\/\\\/tienda.farmaciarboyra.com\\\/politica-de-envio\\\/\"]}]},{\"@type\":\"ImageObject\",\"inLanguage\":\"eu\",\"@id\":\"https:\\\/\\\/tienda.farmaciarboyra.com\\\/politica-de-envio\\\/#primaryimage\",\"url\":\"https:\\\/\\\/tienda.farmaciarboyra.com\\\/wp-content\\\/uploads\\\/2023\\\/10\\\/color-sin-fondo-Farmacia-R.-Boyra-e1703070787621.png\",\"contentUrl\":\"https:\\\/\\\/tienda.farmaciarboyra.com\\\/wp-content\\\/uploads\\\/2023\\\/10\\\/color-sin-fondo-Farmacia-R.-Boyra-e1703070787621.png\",\"width\":200,\"height\":200},{\"@type\":\"BreadcrumbList\",\"@id\":\"https:\\\/\\\/tienda.farmaciarboyra.com\\\/politica-de-envio\\\/#breadcrumb\",\"itemListElement\":[{\"@type\":\"ListItem\",\"position\":1,\"name\":\"Portada\",\"item\":\"https:\\\/\\\/tienda.farmaciarboyra.com\\\/\"},{\"@type\":\"ListItem\",\"position\":2,\"name\":\"Pol\u00edticas de env\u00edo\"}]},{\"@type\":\"WebSite\",\"@id\":\"https:\\\/\\\/tienda.farmaciarboyra.com\\\/#website\",\"url\":\"https:\\\/\\\/tienda.farmaciarboyra.com\\\/\",\"name\":\"Farmacia R. Boyra\",\"description\":\"Tienda on line de farmacia\",\"publisher\":{\"@id\":\"https:\\\/\\\/tienda.farmaciarboyra.com\\\/#organization\"},\"potentialAction\":[{\"@type\":\"SearchAction\",\"target\":{\"@type\":\"EntryPoint\",\"urlTemplate\":\"https:\\\/\\\/tienda.farmaciarboyra.com\\\/?s={search_term_string}\"},\"query-input\":{\"@type\":\"PropertyValueSpecification\",\"valueRequired\":true,\"valueName\":\"search_term_string\"}}],\"inLanguage\":\"eu\"},{\"@type\":\"Organization\",\"@id\":\"https:\\\/\\\/tienda.farmaciarboyra.com\\\/#organization\",\"name\":\"Farmacia R. Boyra\",\"url\":\"https:\\\/\\\/tienda.farmaciarboyra.com\\\/\",\"logo\":{\"@type\":\"ImageObject\",\"inLanguage\":\"eu\",\"@id\":\"https:\\\/\\\/tienda.farmaciarboyra.com\\\/#\\\/schema\\\/logo\\\/image\\\/\",\"url\":\"https:\\\/\\\/tienda.farmaciarboyra.com\\\/wp-content\\\/uploads\\\/2023\\\/10\\\/color-sin-fondo-Farmacia-R.-Boyra-e1703070787621.png\",\"contentUrl\":\"https:\\\/\\\/tienda.farmaciarboyra.com\\\/wp-content\\\/uploads\\\/2023\\\/10\\\/color-sin-fondo-Farmacia-R.-Boyra-e1703070787621.png\",\"width\":200,\"height\":200,\"caption\":\"Farmacia R. Boyra\"},\"image\":{\"@id\":\"https:\\\/\\\/tienda.farmaciarboyra.com\\\/#\\\/schema\\\/logo\\\/image\\\/\"}}]}<\/script>\n<!-- \/ Yoast SEO plugin. -->","yoast_head_json":{"title":"Pol\u00edticas de env\u00edo - Farmacia R. Boyra","robots":{"index":"index","follow":"follow","max-snippet":"max-snippet:-1","max-image-preview":"max-image-preview:large","max-video-preview":"max-video-preview:-1"},"canonical":"https:\/\/tienda.farmaciarboyra.com\/eu\/politica-de-envio\/","og_locale":"en_US","og_type":"article","og_title":"Pol\u00edticas de env\u00edo - Farmacia R. Boyra","og_description":"Pol\u00edtica de env\u00edo Todos los pedidos recibidos, con stock disponible y abonados antes de las 12:00 horas de lunes a viernes ser\u00e1n cursados el mismo d\u00eda. A partir de las 12:00 se tramitar\u00e1n el siguiente d\u00eda h\u00e1bil. Los pedidos con stock disponible tendr\u00e1n un env\u00edo 24 \u2013 48hrs. El precio del env\u00edo incluye 2 intentos [&hellip;]","og_url":"https:\/\/tienda.farmaciarboyra.com\/eu\/politica-de-envio\/","og_site_name":"Farmacia R. Boyra","article_modified_time":"2023-11-16T16:34:45+00:00","og_image":[{"width":4500,"height":4500,"url":"https:\/\/tienda.farmaciarboyra.com\/wp-content\/uploads\/2023\/10\/color-sin-fondo-Farmacia-R.-Boyra.png","type":"image\/png"}],"twitter_card":"summary_large_image","twitter_misc":{"Est. reading time":"2 minutua"},"schema":{"@context":"https:\/\/schema.org","@graph":[{"@type":"WebPage","@id":"https:\/\/tienda.farmaciarboyra.com\/politica-de-envio\/","url":"https:\/\/tienda.farmaciarboyra.com\/politica-de-envio\/","name":"Pol\u00edticas de env\u00edo - Farmacia R. Boyra","isPartOf":{"@id":"https:\/\/tienda.farmaciarboyra.com\/#website"},"primaryImageOfPage":{"@id":"https:\/\/tienda.farmaciarboyra.com\/politica-de-envio\/#primaryimage"},"image":{"@id":"https:\/\/tienda.farmaciarboyra.com\/politica-de-envio\/#primaryimage"},"thumbnailUrl":"https:\/\/tienda.farmaciarboyra.com\/wp-content\/uploads\/2023\/10\/color-sin-fondo-Farmacia-R.-Boyra-e1703070787621.png","datePublished":"2023-11-16T16:20:50+00:00","dateModified":"2023-11-16T16:34:45+00:00","breadcrumb":{"@id":"https:\/\/tienda.farmaciarboyra.com\/politica-de-envio\/#breadcrumb"},"inLanguage":"eu","potentialAction":[{"@type":"ReadAction","target":["https:\/\/tienda.farmaciarboyra.com\/politica-de-envio\/"]}]},{"@type":"ImageObject","inLanguage":"eu","@id":"https:\/\/tienda.farmaciarboyra.com\/politica-de-envio\/#primaryimage","url":"https:\/\/tienda.farmaciarboyra.com\/wp-content\/uploads\/2023\/10\/color-sin-fondo-Farmacia-R.-Boyra-e1703070787621.png","contentUrl":"https:\/\/tienda.farmaciarboyra.com\/wp-content\/uploads\/2023\/10\/color-sin-fondo-Farmacia-R.-Boyra-e1703070787621.png","width":200,"height":200},{"@type":"BreadcrumbList","@id":"https:\/\/tienda.farmaciarboyra.com\/politica-de-envio\/#breadcrumb","itemListElement":[{"@type":"ListItem","position":1,"name":"Portada","item":"https:\/\/tienda.farmaciarboyra.com\/"},{"@type":"ListItem","position":2,"name":"Pol\u00edticas de env\u00edo"}]},{"@type":"WebSite","@id":"https:\/\/tienda.farmaciarboyra.com\/#website","url":"https:\/\/tienda.farmaciarboyra.com\/","name":"Farmacia R. Boyra","description":"Tienda on line de farmacia","publisher":{"@id":"https:\/\/tienda.farmaciarboyra.com\/#organization"},"potentialAction":[{"@type":"SearchAction","target":{"@type":"EntryPoint","urlTemplate":"https:\/\/tienda.farmaciarboyra.com\/?s={search_term_string}"},"query-input":{"@type":"PropertyValueSpecification","valueRequired":true,"valueName":"search_term_string"}}],"inLanguage":"eu"},{"@type":"Organization","@id":"https:\/\/tienda.farmaciarboyra.com\/#organization","name":"Farmacia R. Boyra","url":"https:\/\/tienda.farmaciarboyra.com\/","logo":{"@type":"ImageObject","inLanguage":"eu","@id":"https:\/\/tienda.farmaciarboyra.com\/#\/schema\/logo\/image\/","url":"https:\/\/tienda.farmaciarboyra.com\/wp-content\/uploads\/2023\/10\/color-sin-fondo-Farmacia-R.-Boyra-e1703070787621.png","contentUrl":"https:\/\/tienda.farmaciarboyra.com\/wp-content\/uploads\/2023\/10\/color-sin-fondo-Farmacia-R.-Boyra-e1703070787621.png","width":200,"height":200,"caption":"Farmacia R. Boyra"},"image":{"@id":"https:\/\/tienda.farmaciarboyra.com\/#\/schema\/logo\/image\/"}}]}},"jetpack_sharing_enabled":true,"_links":{"self":[{"href":"https:\/\/tienda.farmaciarboyra.com\/eu\/wp-json\/wp\/v2\/pages\/1266","targetHints":{"allow":["GET"]}}],"collection":[{"href":"https:\/\/tienda.farmaciarboyra.com\/eu\/wp-json\/wp\/v2\/pages"}],"about":[{"href":"https:\/\/tienda.farmaciarboyra.com\/eu\/wp-json\/wp\/v2\/types\/page"}],"author":[{"embeddable":true,"href":"https:\/\/tienda.farmaciarboyra.com\/eu\/wp-json\/wp\/v2\/users\/1"}],"replies":[{"embeddable":true,"href":"https:\/\/tienda.farmaciarboyra.com\/eu\/wp-json\/wp\/v2\/comments?post=1266"}],"version-history":[{"count":7,"href":"https:\/\/tienda.farmaciarboyra.com\/eu\/wp-json\/wp\/v2\/pages\/1266\/revisions"}],"predecessor-version":[{"id":1277,"href":"https:\/\/tienda.farmaciarboyra.com\/eu\/wp-json\/wp\/v2\/pages\/1266\/revisions\/1277"}],"wp:featuredmedia":[{"embeddable":true,"href":"https:\/\/tienda.farmaciarboyra.com\/eu\/wp-json\/wp\/v2\/media\/7"}],"wp:attachment":[{"href":"https:\/\/tienda.farmaciarboyra.com\/eu\/wp-json\/wp\/v2\/media?parent=1266"}],"curies":[{"name":"wp","href":"https:\/\/api.w.org\/{rel}","templated":true}]}}